{"id":985,"date":"2022-12-16T16:08:52","date_gmt":"2022-12-16T15:08:52","guid":{"rendered":"https:\/\/dev.ouvreboite.fr\/theatreoeuvre\/?page_id=985"},"modified":"2022-12-16T16:16:07","modified_gmt":"2022-12-16T15:16:07","slug":"politique-tarifaire-2","status":"publish","type":"page","link":"https:\/\/dev.ouvreboite.fr\/theatreoeuvre\/politique-tarifaire-2\/","title":{"rendered":"Politique tarifaire"},"content":{"rendered":"<p><strong>UNE POLITIQUE TARIFAIRE ENGAG\u00c9E<\/strong><\/p>\n<p>Le maintien d\u2019une <strong>politique d&rsquo;acc\u00e8s pour tous.tes<\/strong> via des <strong>places gratuites<\/strong> et des <strong>tarifs solidaires<\/strong> est l\u2019une des priorit\u00e9s du Th\u00e9\u00e2tre\u00a0:<\/p>\n<ul>\n<li>Un<strong> tarif r\u00e9duit<\/strong> est propos\u00e9 aux moins de 18 ans, \u00e9tudiant.e.s, demandeur.euse.s d\u2019emploi et b\u00e9n\u00e9ficiaires du RSA<\/li>\n<li>Un quota de <strong>cinq places par spectacle<\/strong> est offert \u00e0 <a href=\"https:\/\/www.culturesducoeur.org\/\"><strong>Cultures du Coeur<\/strong><\/a><\/li>\n<li>Des<strong> places solidaires ou gratuites<\/strong> sont r\u00e9serv\u00e9es aux b\u00e9n\u00e9ficiaires des permanences sociales, aux associations partenaires ainsi qu&rsquo;aux participant.e.s \u00e0 nos actions<\/li>\n<\/ul>\n<p><strong>PASS CULTURE<\/strong><\/p>\n<ul>\n<li>Le Th\u00e9\u00e2tre de l\u2019\u0152uvre est <strong>partenaire du Pass Culture<\/strong>\n<p><span class=\"ContentPasted0\">Envie d\u2019aller au th\u00e9\u00e2tre, voir un film ou un spectacle ? <strong>Le Th\u00e9\u00e2tre de l\u2019Oeuvre est un partenaire culturel du pass Culture.<\/strong> <br \/>\nLe pass Culture r\u00e9unit des propositions culturelles de proximit\u00e9. Pour disposer de ces cr\u00e9dits, r\u00e9serve tes places directement <a href=\"https:\/\/pass.culture.fr\/nosapplications\/\">sur l\u2019application<\/a> !<br \/>\n<\/span>Informations d\u00e9taill\u00e9es \u00e0 retrouver sur <a href=\"https:\/\/pass.culture.fr\/\">pass.culture.fr<\/a><\/li>\n<\/ul>\n","protected":false},"excerpt":{"rendered":"<p>UNE POLITIQUE TARIFAIRE ENGAG\u00c9E Le maintien d\u2019une politique d&rsquo;acc\u00e8s pour tous.tes via des places gratuites et des tarifs solidaires est l\u2019une des priorit\u00e9s du Th\u00e9\u00e2tre\u00a0: [&hellip;]<\/p>\n","protected":false},"author":3,"featured_media":0,"parent":0,"menu_order":26,"comment_status":"closed","ping_status":"closed","template":"","meta":{"_acf_changed":false,"_genesis_hide_title":false,"_genesis_hide_breadcrumbs":false,"_genesis_hide_singular_image":false,"_genesis_hide_footer_widgets":false,"_genesis_custom_body_class":"","_genesis_custom_post_class":"","_genesis_layout":"","_FSMCFIC_featured_image_caption":"","_FSMCFIC_featured_image_nocaption":"","_FSMCFIC_featured_image_hide":"","footnotes":""},"acf":[],"_links":{"self":[{"href":"https:\/\/dev.ouvreboite.fr\/theatreoeuvre\/wp-json\/wp\/v2\/pages\/985"}],"collection":[{"href":"https:\/\/dev.ouvreboite.fr\/theatreoeuvre\/wp-json\/wp\/v2\/pages"}],"about":[{"href":"https:\/\/dev.ouvreboite.fr\/theatreoeuvre\/wp-json\/wp\/v2\/types\/page"}],"author":[{"embeddable":true,"href":"https:\/\/dev.ouvreboite.fr\/theatreoeuvre\/wp-json\/wp\/v2\/users\/3"}],"replies":[{"embeddable":true,"href":"https:\/\/dev.ouvreboite.fr\/theatreoeuvre\/wp-json\/wp\/v2\/comments?post=985"}],"version-history":[{"count":1,"href":"https:\/\/dev.ouvreboite.fr\/theatreoeuvre\/wp-json\/wp\/v2\/pages\/985\/revisions"}],"predecessor-version":[{"id":986,"href":"https:\/\/dev.ouvreboite.fr\/theatreoeuvre\/wp-json\/wp\/v2\/pages\/985\/revisions\/986"}],"wp:attachment":[{"href":"https:\/\/dev.ouvreboite.fr\/theatreoeuvre\/wp-json\/wp\/v2\/media?parent=985"}],"curies":[{"name":"wp","href":"https:\/\/api.w.org\/{rel}","templated":true}]}}