{"id":947,"date":"2022-12-12T16:31:29","date_gmt":"2022-12-12T15:31:29","guid":{"rendered":"https:\/\/dev.ouvreboite.fr\/theatreoeuvre\/?page_id=947"},"modified":"2022-12-12T16:34:46","modified_gmt":"2022-12-12T15:34:46","slug":"evenements-passes","status":"publish","type":"page","link":"https:\/\/dev.ouvreboite.fr\/theatreoeuvre\/evenements-passes\/","title":{"rendered":"\u00c9v\u00e9nements pass\u00e9s"},"content":{"rendered":"","protected":false},"excerpt":{"rendered":"","protected":false},"author":1,"featured_media":0,"parent":0,"menu_order":5,"comment_status":"closed","ping_status":"closed","template":"page-templates\/evenements-passes.php","meta":{"_acf_changed":false,"_genesis_hide_title":false,"_genesis_hide_breadcrumbs":false,"_genesis_hide_singular_image":false,"_genesis_hide_footer_widgets":false,"_genesis_custom_body_class":"","_genesis_custom_post_class":"","_genesis_layout":"","_FSMCFIC_featured_image_caption":"","_FSMCFIC_featured_image_nocaption":"","_FSMCFIC_featured_image_hide":"","footnotes":""},"acf":[],"_links":{"self":[{"href":"https:\/\/dev.ouvreboite.fr\/theatreoeuvre\/wp-json\/wp\/v2\/pages\/947"}],"collection":[{"href":"https:\/\/dev.ouvreboite.fr\/theatreoeuvre\/wp-json\/wp\/v2\/pages"}],"about":[{"href":"https:\/\/dev.ouvreboite.fr\/theatreoeuvre\/wp-json\/wp\/v2\/types\/page"}],"author":[{"embeddable":true,"href":"https:\/\/dev.ouvreboite.fr\/theatreoeuvre\/wp-json\/wp\/v2\/users\/1"}],"replies":[{"embeddable":true,"href":"https:\/\/dev.ouvreboite.fr\/theatreoeuvre\/wp-json\/wp\/v2\/comments?post=947"}],"version-history":[{"count":1,"href":"https:\/\/dev.ouvreboite.fr\/theatreoeuvre\/wp-json\/wp\/v2\/pages\/947\/revisions"}],"predecessor-version":[{"id":948,"href":"https:\/\/dev.ouvreboite.fr\/theatreoeuvre\/wp-json\/wp\/v2\/pages\/947\/revisions\/948"}],"wp:attachment":[{"href":"https:\/\/dev.ouvreboite.fr\/theatreoeuvre\/wp-json\/wp\/v2\/media?parent=947"}],"curies":[{"name":"wp","href":"https:\/\/api.w.org\/{rel}","templated":true}]}}