{"id":925,"date":"2022-12-20T14:46:48","date_gmt":"2022-12-20T13:46:48","guid":{"rendered":"https:\/\/dev.ouvreboite.fr\/theatreoeuvre\/?page_id=925"},"modified":"2022-12-20T14:46:48","modified_gmt":"2022-12-20T13:46:48","slug":"des-mots-a-la-scene","status":"publish","type":"page","link":"https:\/\/dev.ouvreboite.fr\/theatreoeuvre\/actions\/des-mots-a-la-scene\/","title":{"rendered":"Des mots \u00e0 la sc\u00e8ne"},"content":{"rendered":"<p class=\"p1\"><strong>Les jeudis | 14H00 &#8211; 16H00 | Gratuit<\/strong><\/p>\n<p class=\"p1\">Entre moments d\u2019\u00e9criture cr\u00e9ative, travail sur la langue et mise en voix collective, cet atelier permet notamment d\u2019am\u00e9liorer sa pratique du fran\u00e7ais \u00e0 l&rsquo;oral et \u00e0 l&rsquo;\u00e9crit et de prendre confiance en soi sur la sc\u00e8ne d\u2019un th\u00e9\u00e2tre. Un<br \/>\nespace-temps pour s\u2019exprimer et \u00ab dire et se dire \u00bb.<\/p>\n<p><strong>Sur inscription aupr\u00e8s de l\u2019association \u00c0 Voix Haute<\/strong><\/p>\n<div class=\"page\" title=\"Page 21\">\n<div class=\"layoutArea\">\n<div class=\"column\">\n<p><strong>Infos |<\/strong> avoixhaute.asso@gmail.com<br \/>\n<strong>Partenaires |<\/strong> Associations \u00c0 Voix Haute! et Mot \u00e0 Mot<\/p>\n<\/div>\n<\/div>\n<\/div>\n","protected":false},"excerpt":{"rendered":"<p>Les jeudis | 14H00 &#8211; 16H00 | Gratuit Entre moments d\u2019\u00e9criture cr\u00e9ative, travail sur la langue et mise en voix collective, cet atelier permet notamment [&hellip;]<\/p>\n","protected":false},"author":3,"featured_media":164,"parent":66,"menu_order":11,"comment_status":"closed","ping_status":"closed","template":"","meta":{"_acf_changed":false,"_genesis_hide_title":false,"_genesis_hide_breadcrumbs":false,"_genesis_hide_singular_image":false,"_genesis_hide_footer_widgets":false,"_genesis_custom_body_class":"","_genesis_custom_post_class":"","_genesis_layout":"","_FSMCFIC_featured_image_caption":"","_FSMCFIC_featured_image_nocaption":"","_FSMCFIC_featured_image_hide":"","footnotes":""},"acf":[],"_links":{"self":[{"href":"https:\/\/dev.ouvreboite.fr\/theatreoeuvre\/wp-json\/wp\/v2\/pages\/925"}],"collection":[{"href":"https:\/\/dev.ouvreboite.fr\/theatreoeuvre\/wp-json\/wp\/v2\/pages"}],"about":[{"href":"https:\/\/dev.ouvreboite.fr\/theatreoeuvre\/wp-json\/wp\/v2\/types\/page"}],"author":[{"embeddable":true,"href":"https:\/\/dev.ouvreboite.fr\/theatreoeuvre\/wp-json\/wp\/v2\/users\/3"}],"replies":[{"embeddable":true,"href":"https:\/\/dev.ouvreboite.fr\/theatreoeuvre\/wp-json\/wp\/v2\/comments?post=925"}],"version-history":[{"count":1,"href":"https:\/\/dev.ouvreboite.fr\/theatreoeuvre\/wp-json\/wp\/v2\/pages\/925\/revisions"}],"predecessor-version":[{"id":926,"href":"https:\/\/dev.ouvreboite.fr\/theatreoeuvre\/wp-json\/wp\/v2\/pages\/925\/revisions\/926"}],"up":[{"embeddable":true,"href":"https:\/\/dev.ouvreboite.fr\/theatreoeuvre\/wp-json\/wp\/v2\/pages\/66"}],"wp:featuredmedia":[{"embeddable":true,"href":"https:\/\/dev.ouvreboite.fr\/theatreoeuvre\/wp-json\/wp\/v2\/media\/164"}],"wp:attachment":[{"href":"https:\/\/dev.ouvreboite.fr\/theatreoeuvre\/wp-json\/wp\/v2\/media?parent=925"}],"curies":[{"name":"wp","href":"https:\/\/api.w.org\/{rel}","templated":true}]}}