{"id":68,"date":"2022-05-12T10:39:59","date_gmt":"2022-05-12T08:39:59","guid":{"rendered":"https:\/\/dev.ouvreboite.fr\/theatreoeuvre\/?page_id=68"},"modified":"2023-09-07T14:38:11","modified_gmt":"2023-09-07T12:38:11","slug":"espaces","status":"publish","type":"page","link":"https:\/\/dev.ouvreboite.fr\/theatreoeuvre\/espaces\/","title":{"rendered":"Espaces"},"content":{"rendered":"<p style=\"text-align: left;\"><span style=\"font-size: 18pt;\"><strong>Organisez votre \u00e9v\u00e9nement au Th\u00e9\u00e2tre de L&rsquo;\u0152uvre : spectacle, r\u00e9sidence, tournage, r\u00e9union, conf\u00e9rence&#8230;<\/strong><\/span><\/p>\n<p style=\"text-align: left;\"><strong>Situ\u00e9 au c\u0153ur du quartier Belsunce<\/strong>, le Th\u00e9\u00e2tre de l\u2019\u0152uvre est un immeuble compos\u00e9 d\u2019<strong>une salle de spectacle<\/strong> \u00ab\u00a0rococo-baroque\u00a0\u00bb et de <strong>plusieurs salles de r\u00e9p\u00e9tition<\/strong> qui permettent \u00e0 des projets vari\u00e9s de se d\u00e9velopper.<\/p>\n<p style=\"text-align: left;\">Fond\u00e9 par l\u2019Association La Paix, <strong>le Th\u00e9\u00e2tre de l\u2019\u0152uvre est un lieu marseillais singulier<\/strong> : depuis ses d\u00e9buts, il est destin\u00e9 \u00e0 rendre la(les) culture(s) accessible(s) au plus grand nombre, tout en menant des activit\u00e9s sociales et caritatives r\u00e9pondant aux besoins des personnes en difficult\u00e9.<\/p>\n<p style=\"text-align: left;\">Avec <strong>5 salles aux diff\u00e9rentes capacit\u00e9s d\u2019accueil<\/strong>, le Th\u00e9\u00e2tre de l\u2019\u0152uvre peut \u00eatre l\u2019\u00e9crin de <strong>spectacles en cr\u00e9ation, r\u00e9sidences d\u2019artistes, ateliers, tournages, r\u00e9unions, conf\u00e9rences, rencontres ou s\u00e9minaires<\/strong> :<br \/>\n\u2022 1 salle de spectacle (179 places)<br \/>\n\u2022 1 foyer central (49 places)<br \/>\n\u2022 3 salles de r\u00e9p\u00e9tition (10 places \/ 19 places \/ 50 places)<\/p>\n<p style=\"text-align: left;\"><strong>Le mat\u00e9riel technique (son, mobilier, projection) est inclus et un r\u00e9gisseur est pr\u00e9sent pour l\u2019installation et le lancement de votre \u00e9v\u00e9nement.<\/strong><\/p>\n<p style=\"text-align: left;\">R\u00e9aliser votre \u00e9v\u00e9nement au Th\u00e9\u00e2tre de L&rsquo;\u0152uvre, c\u2019est aussi <strong>soutenir un projet solidaire<\/strong> : les locations de salles contribuent au fonctionnement et aux actions du projet.<\/p>\n<p style=\"text-align: left;\"><strong>Cliquez sur la salle de votre choix pour d\u00e9couvrir sa fiche technique et acc\u00e9der au formulaire de demande de location.<\/strong><\/p>\n","protected":false},"excerpt":{"rendered":"<p>Organisez votre \u00e9v\u00e9nement au Th\u00e9\u00e2tre de L&rsquo;\u0152uvre : spectacle, r\u00e9sidence, tournage, r\u00e9union, conf\u00e9rence&#8230; Situ\u00e9 au c\u0153ur du quartier Belsunce, le Th\u00e9\u00e2tre de l\u2019\u0152uvre est un [&hellip;]<\/p>\n","protected":false},"author":1,"featured_media":734,"parent":0,"menu_order":19,"comment_status":"closed","ping_status":"closed","template":"page-templates\/liste-page.php","meta":{"_acf_changed":false,"_genesis_hide_title":false,"_genesis_hide_breadcrumbs":false,"_genesis_hide_singular_image":false,"_genesis_hide_footer_widgets":false,"_genesis_custom_body_class":"","_genesis_custom_post_class":"","_genesis_layout":"","_FSMCFIC_featured_image_caption":"","_FSMCFIC_featured_image_nocaption":"","_FSMCFIC_featured_image_hide":"","footnotes":""},"acf":[],"_links":{"self":[{"href":"https:\/\/dev.ouvreboite.fr\/theatreoeuvre\/wp-json\/wp\/v2\/pages\/68"}],"collection":[{"href":"https:\/\/dev.ouvreboite.fr\/theatreoeuvre\/wp-json\/wp\/v2\/pages"}],"about":[{"href":"https:\/\/dev.ouvreboite.fr\/theatreoeuvre\/wp-json\/wp\/v2\/types\/page"}],"author":[{"embeddable":true,"href":"https:\/\/dev.ouvreboite.fr\/theatreoeuvre\/wp-json\/wp\/v2\/users\/1"}],"replies":[{"embeddable":true,"href":"https:\/\/dev.ouvreboite.fr\/theatreoeuvre\/wp-json\/wp\/v2\/comments?post=68"}],"version-history":[{"count":11,"href":"https:\/\/dev.ouvreboite.fr\/theatreoeuvre\/wp-json\/wp\/v2\/pages\/68\/revisions"}],"predecessor-version":[{"id":1557,"href":"https:\/\/dev.ouvreboite.fr\/theatreoeuvre\/wp-json\/wp\/v2\/pages\/68\/revisions\/1557"}],"wp:featuredmedia":[{"embeddable":true,"href":"https:\/\/dev.ouvreboite.fr\/theatreoeuvre\/wp-json\/wp\/v2\/media\/734"}],"wp:attachment":[{"href":"https:\/\/dev.ouvreboite.fr\/theatreoeuvre\/wp-json\/wp\/v2\/media?parent=68"}],"curies":[{"name":"wp","href":"https:\/\/api.w.org\/{rel}","templated":true}]}}