{"id":66,"date":"2022-05-12T10:39:43","date_gmt":"2022-05-12T08:39:43","guid":{"rendered":"https:\/\/dev.ouvreboite.fr\/theatreoeuvre\/?page_id=66"},"modified":"2023-01-10T16:37:52","modified_gmt":"2023-01-10T15:37:52","slug":"actions","status":"publish","type":"page","link":"https:\/\/dev.ouvreboite.fr\/theatreoeuvre\/actions\/","title":{"rendered":"Actions"},"content":{"rendered":"<div class=\"page\" title=\"Page 2\">\n<div class=\"section\">\n<div class=\"layoutArea\">\n<div class=\"column\">\n<p>Le Th\u00e9\u00e2tre de L\u2019\u0152uvre, reconnu tiers-lieu culturel et citoyen, accueille de nombreuses associations et m\u00e8ne\u00a0diverses actions : soutien aux jeunes en difficult\u00e9, accompagnement de jeunes artistes, initiation des enfants aux pratiques artistiques, ateliers \u00e0 prix libre ou gratuits, distributions alimentaires&#8230;<\/p>\n<\/div>\n<\/div>\n<\/div>\n<\/div>\n<p class=\"p1\">Chacun, au Th\u00e9\u00e2tre de L\u2019\u0152uvre, peut trouver des ressources pour construire son propre parcours culturel. L\u2019int\u00e9r\u00eat port\u00e9 \u00e0 la diff\u00e9rence et au respect de l\u2019autre est au centre de nos pr\u00e9occupations et s\u2019exprime via un partage des espaces et des tarifs adapt\u00e9s.<\/p>\n","protected":false},"excerpt":{"rendered":"<p>Le Th\u00e9\u00e2tre de L\u2019\u0152uvre, reconnu tiers-lieu culturel et citoyen, accueille de nombreuses associations et m\u00e8ne\u00a0diverses actions : soutien aux jeunes en difficult\u00e9, accompagnement de jeunes [&hellip;]<\/p>\n","protected":false},"author":1,"featured_media":162,"parent":0,"menu_order":7,"comment_status":"closed","ping_status":"closed","template":"page-templates\/liste-page.php","meta":{"_acf_changed":false,"_genesis_hide_title":false,"_genesis_hide_breadcrumbs":false,"_genesis_hide_singular_image":false,"_genesis_hide_footer_widgets":false,"_genesis_custom_body_class":"","_genesis_custom_post_class":"","_genesis_layout":"","_FSMCFIC_featured_image_caption":"","_FSMCFIC_featured_image_nocaption":"","_FSMCFIC_featured_image_hide":"","footnotes":""},"acf":[],"_links":{"self":[{"href":"https:\/\/dev.ouvreboite.fr\/theatreoeuvre\/wp-json\/wp\/v2\/pages\/66"}],"collection":[{"href":"https:\/\/dev.ouvreboite.fr\/theatreoeuvre\/wp-json\/wp\/v2\/pages"}],"about":[{"href":"https:\/\/dev.ouvreboite.fr\/theatreoeuvre\/wp-json\/wp\/v2\/types\/page"}],"author":[{"embeddable":true,"href":"https:\/\/dev.ouvreboite.fr\/theatreoeuvre\/wp-json\/wp\/v2\/users\/1"}],"replies":[{"embeddable":true,"href":"https:\/\/dev.ouvreboite.fr\/theatreoeuvre\/wp-json\/wp\/v2\/comments?post=66"}],"version-history":[{"count":3,"href":"https:\/\/dev.ouvreboite.fr\/theatreoeuvre\/wp-json\/wp\/v2\/pages\/66\/revisions"}],"predecessor-version":[{"id":1038,"href":"https:\/\/dev.ouvreboite.fr\/theatreoeuvre\/wp-json\/wp\/v2\/pages\/66\/revisions\/1038"}],"wp:featuredmedia":[{"embeddable":true,"href":"https:\/\/dev.ouvreboite.fr\/theatreoeuvre\/wp-json\/wp\/v2\/media\/162"}],"wp:attachment":[{"href":"https:\/\/dev.ouvreboite.fr\/theatreoeuvre\/wp-json\/wp\/v2\/media?parent=66"}],"curies":[{"name":"wp","href":"https:\/\/api.w.org\/{rel}","templated":true}]}}