{"id":464,"date":"2022-07-19T12:03:51","date_gmt":"2022-07-19T10:03:51","guid":{"rendered":"https:\/\/dev.ouvreboite.fr\/theatreoeuvre\/?page_id=464"},"modified":"2023-01-10T16:35:09","modified_gmt":"2023-01-10T15:35:09","slug":"participation-des-habitants","status":"publish","type":"page","link":"https:\/\/dev.ouvreboite.fr\/theatreoeuvre\/actions\/participation-des-habitants\/","title":{"rendered":"Participation des habitants"},"content":{"rendered":"<div class=\"page\" title=\"Page 24\">\n<div class=\"layoutArea\">\n<div class=\"column\">\n<p>Le Th\u00e9\u00e2tre de l\u2019\u0152uvre est un tiers-lieu impulsant de nombreuses initiatives men\u00e9es par les habitant.e.s du quartier. <strong>Nos valeurs et ma\u00eetres mots ? Coh\u00e9sion sociale, vivre ensemble et faire ensemble ! <\/strong><\/p>\n<p>Le tiers-lieu est ouvert aux propositions des habitants et co-construit avec eux\/elles des projets culturels, solidaires ou culinaires. <strong>Les notions de rencontre, d\u2019\u00e9change et de partage sont l\u2019ADN de notre projet global.<\/strong><\/p>\n<ul>\n<li>\u00c0 partir de septembre 2022, des apr\u00e8s-midi dansantes r\u00e9serv\u00e9es aux femmes sont organis\u00e9es avec une habitante du quartier et son association (Baraka 13).<\/li>\n<li>Les jeunes de notre action <em>La Sc\u00e8ne est \u00e0 Vous<\/em> sont accompagn\u00e9s pour l\u2019organisation de concerts sur les volets communication, technique et production.<\/li>\n<li>D\u2019autres \u00e9v\u00e9nements et repas propos\u00e9s par les usager.\u00e8re.s, b\u00e9n\u00e9voles et voisin.e.s du Th\u00e9\u00e2tre sont en cours de construction avec l\u2019\u00e9quipe.<\/li>\n<li>Depuis 2022, notre accueil est ouvert du mardi au samedi de 13h30 \u00e0 18h30. Cette permanence nous permet d\u2019\u00eatre \u00e0 l\u2019\u00e9coute des diff\u00e9rents besoins et propositions des habitants. Le meilleur est \u00e0 venir !<\/li>\n<\/ul>\n<\/div>\n<\/div>\n<\/div>\n","protected":false},"excerpt":{"rendered":"<p>Le Th\u00e9\u00e2tre de l\u2019\u0152uvre est un tiers-lieu impulsant de nombreuses initiatives men\u00e9es par les habitant.e.s du quartier. Nos valeurs et ma\u00eetres mots ? Coh\u00e9sion sociale, [&hellip;]<\/p>\n","protected":false},"author":3,"featured_media":531,"parent":66,"menu_order":8,"comment_status":"closed","ping_status":"closed","template":"","meta":{"_acf_changed":false,"_genesis_hide_title":false,"_genesis_hide_breadcrumbs":false,"_genesis_hide_singular_image":false,"_genesis_hide_footer_widgets":false,"_genesis_custom_body_class":"","_genesis_custom_post_class":"","_genesis_layout":"","_FSMCFIC_featured_image_caption":"","_FSMCFIC_featured_image_nocaption":"","_FSMCFIC_featured_image_hide":"","footnotes":""},"acf":[],"_links":{"self":[{"href":"https:\/\/dev.ouvreboite.fr\/theatreoeuvre\/wp-json\/wp\/v2\/pages\/464"}],"collection":[{"href":"https:\/\/dev.ouvreboite.fr\/theatreoeuvre\/wp-json\/wp\/v2\/pages"}],"about":[{"href":"https:\/\/dev.ouvreboite.fr\/theatreoeuvre\/wp-json\/wp\/v2\/types\/page"}],"author":[{"embeddable":true,"href":"https:\/\/dev.ouvreboite.fr\/theatreoeuvre\/wp-json\/wp\/v2\/users\/3"}],"replies":[{"embeddable":true,"href":"https:\/\/dev.ouvreboite.fr\/theatreoeuvre\/wp-json\/wp\/v2\/comments?post=464"}],"version-history":[{"count":1,"href":"https:\/\/dev.ouvreboite.fr\/theatreoeuvre\/wp-json\/wp\/v2\/pages\/464\/revisions"}],"predecessor-version":[{"id":918,"href":"https:\/\/dev.ouvreboite.fr\/theatreoeuvre\/wp-json\/wp\/v2\/pages\/464\/revisions\/918"}],"up":[{"embeddable":true,"href":"https:\/\/dev.ouvreboite.fr\/theatreoeuvre\/wp-json\/wp\/v2\/pages\/66"}],"wp:featuredmedia":[{"embeddable":true,"href":"https:\/\/dev.ouvreboite.fr\/theatreoeuvre\/wp-json\/wp\/v2\/media\/531"}],"wp:attachment":[{"href":"https:\/\/dev.ouvreboite.fr\/theatreoeuvre\/wp-json\/wp\/v2\/media?parent=464"}],"curies":[{"name":"wp","href":"https:\/\/api.w.org\/{rel}","templated":true}]}}