{"id":3,"date":"2022-05-04T13:09:31","date_gmt":"2022-05-04T13:09:31","guid":{"rendered":"http:\/\/dev.ouvreboite.fr\/theatreoeuvre\/?page_id=3"},"modified":"2022-08-21T15:45:12","modified_gmt":"2022-08-21T13:45:12","slug":"mentions-legales","status":"publish","type":"page","link":"https:\/\/dev.ouvreboite.fr\/theatreoeuvre\/mentions-legales\/","title":{"rendered":"Mentions l\u00e9gales"},"content":{"rendered":"<h3>1. Informations relatives \u00e0 l&rsquo;\u00e9diteur<\/h3>\n<p>Th\u00e9\u00e2tre de l&rsquo;\u0152uvre &#8211; Association La Paix<br \/>\n1 rue Mission de France<br \/>\n13001 MARSEILLE<br \/>\nFRANCE<\/p>\n<p>SIRET :\u00a0 XXXXXX<br \/>\nCode APE :\u00a0 XXXXXX<br \/>\nTVA Intracommunautaire :\u00a0 XXXXXX<br \/>\nNum\u00e9ro de licence :\u00a0 XXXXXX<\/p>\n<p>T\u00e9l\u00e9phone : 00 00 00 00 00<br \/>\nEmail : XXXXX@theatre-oeuvre.com<br \/>\nDirecteur de la Publication : XXXXXXX &#8211; Directrice g\u00e9n\u00e9rale<\/p>\n<h3>2. Informations relatives \u00e0 l&rsquo;h\u00e9bergeur<\/h3>\n<p>Microsoft Ireland Operations Limited<br \/>\nAdresse : One Microsoft Place South County Business Park Leopardstown Dublin 18, D18 P521<\/p>\n<h3>3. Protection des donn\u00e9es personnelles<\/h3>\n<p>Lors de la navigation du site, vous pouvez \u00eatre amen\u00e9(e) \u00e0 fournir de mani\u00e8re volontaire vos donn\u00e9es personnelles. Ces donn\u00e9es sont collect\u00e9es et trait\u00e9es par Le Th\u00e9\u00e2tre de l&rsquo;\u0152uvre, afin de r\u00e9pondre \u00e0 vos demandes (achat de billets, inscription \u00e0 la newsletter etc.). Lorsque vos donn\u00e9es \u00e0 caract\u00e8re personnel sont collect\u00e9es \u00e0 travers des formulaires, vous serez inform\u00e9(e) des informations ayant un caract\u00e8re obligatoire ou facultatif.<br \/>\nConform\u00e9ment \u00e0 la loi \u00ab informatique et libert\u00e9s \u00bb du 6 janvier 1978 modifi\u00e9e en 2004, vous b\u00e9n\u00e9ficiez gratuitement d\u2019un droit d\u2019acc\u00e8s, de rectification, de modification ou d\u2019opposition aux informations qui vous concernent.<\/p>\n<p>Si vous souhaitez exercer ce droit, vous pouvez vous adresser par courrier postal \u00e0 Le Th\u00e9\u00e2tre de l&rsquo;\u0152uvre &#8211; Association La Paix, 1 rue Mission de France &#8211; 13001 MARSEILLE ou par email \u00e0 l\u2019adresse suivante : XXXXX@theatre-oeuvre.com<\/p>\n<p>Vous pouvez \u00e9galement, pour des motifs l\u00e9gitimes, vous opposer au traitement des donn\u00e9es vous concernant.<\/p>\n<h3>4. Propri\u00e9t\u00e9 intellectuelle<\/h3>\n<p>Le Th\u00e9\u00e2tre de l&rsquo;\u0152uvre s&rsquo;efforce d&rsquo;assurer au mieux de ses possibilit\u00e9s l&rsquo;exactitude et la mise \u00e0 jour des informations diffus\u00e9es sur ce site.<\/p>\n<p>Toutefois, Le Th\u00e9\u00e2tre de l&rsquo;\u0152uvre, d\u00e9cline toute responsabilit\u00e9 pour toute : interruption du site, survenance de bugs, inexactitude ou omission portant sur des informations disponibles sur le site.<\/p>\n<p>Toutes les informations mises \u00e0 disposition sur le site, toutes les marques reproduites sur le site, tous les programmes et\/ou technologies fournis en relation avec le site et, plus g\u00e9n\u00e9ralement, tout ou partie du site lui-m\u00eame sont r\u00e9serv\u00e9s au titre du droit d&rsquo;auteur et\/ou de la propri\u00e9t\u00e9 intellectuelle et ce, pour le monde entier. Les pr\u00e9sentes conditions g\u00e9n\u00e9rales n&rsquo;entra\u00eenent le transfert d&rsquo;aucun de ces droits de propri\u00e9t\u00e9 intellectuelle au profit d&rsquo;un internaute quel qu&rsquo;il soit. En cons\u00e9quence, ce dernier s&rsquo;interdit de reproduire et\/ou utiliser les marques et logos pr\u00e9sents sur le site. L&rsquo;internaute s&rsquo;interdit \u00e9galement de copier, modifier, traduire, reproduire, diffuser, vendre, publier, exploiter de toute autre mani\u00e8re et diffuser dans un autre format sous forme \u00e9lectronique ou autres tout ou partie des informations (m\u00eame partiellement) pr\u00e9sentes sur le site. La violation de ces dispositions imp\u00e9ratives soumet le contrevenant, et toute personne responsable, aux peines p\u00e9nales et civiles pr\u00e9vues par la loi.<\/p>\n<h3>5. Politique de cookies (UE)<\/h3>\n<p>Plus d&rsquo;informations en <a href=\"https:\/\/dev.ouvreboite.fr\/theatreoeuvre\/politique-de-cookies-ue\/\">cliquant ici<\/a>.<\/p>\n<p><!-- \/wp:paragraph --><\/p>\n","protected":false},"excerpt":{"rendered":"<p>1. Informations relatives \u00e0 l&rsquo;\u00e9diteur Th\u00e9\u00e2tre de l&rsquo;\u0152uvre &#8211; Association La Paix 1 rue Mission de France 13001 MARSEILLE FRANCE SIRET :\u00a0 XXXXXX Code APE [&hellip;]<\/p>\n","protected":false},"author":1,"featured_media":0,"parent":0,"menu_order":31,"comment_status":"closed","ping_status":"closed","template":"","meta":{"_acf_changed":false,"_genesis_hide_title":false,"_genesis_hide_breadcrumbs":false,"_genesis_hide_singular_image":false,"_genesis_hide_footer_widgets":false,"_genesis_custom_body_class":"","_genesis_custom_post_class":"","_genesis_layout":"","_FSMCFIC_featured_image_caption":"","_FSMCFIC_featured_image_nocaption":null,"_FSMCFIC_featured_image_hide":null,"footnotes":""},"acf":[],"_links":{"self":[{"href":"https:\/\/dev.ouvreboite.fr\/theatreoeuvre\/wp-json\/wp\/v2\/pages\/3"}],"collection":[{"href":"https:\/\/dev.ouvreboite.fr\/theatreoeuvre\/wp-json\/wp\/v2\/pages"}],"about":[{"href":"https:\/\/dev.ouvreboite.fr\/theatreoeuvre\/wp-json\/wp\/v2\/types\/page"}],"author":[{"embeddable":true,"href":"https:\/\/dev.ouvreboite.fr\/theatreoeuvre\/wp-json\/wp\/v2\/users\/1"}],"replies":[{"embeddable":true,"href":"https:\/\/dev.ouvreboite.fr\/theatreoeuvre\/wp-json\/wp\/v2\/comments?post=3"}],"version-history":[{"count":6,"href":"https:\/\/dev.ouvreboite.fr\/theatreoeuvre\/wp-json\/wp\/v2\/pages\/3\/revisions"}],"predecessor-version":[{"id":613,"href":"https:\/\/dev.ouvreboite.fr\/theatreoeuvre\/wp-json\/wp\/v2\/pages\/3\/revisions\/613"}],"wp:attachment":[{"href":"https:\/\/dev.ouvreboite.fr\/theatreoeuvre\/wp-json\/wp\/v2\/media?parent=3"}],"curies":[{"name":"wp","href":"https:\/\/api.w.org\/{rel}","templated":true}]}}