{"id":1672,"date":"2023-09-21T12:28:36","date_gmt":"2023-09-21T10:28:36","guid":{"rendered":"https:\/\/dev.ouvreboite.fr\/theatreoeuvre\/?page_id=1672"},"modified":"2023-11-06T21:14:42","modified_gmt":"2023-11-06T20:14:42","slug":"devenir-benevole","status":"publish","type":"page","link":"https:\/\/dev.ouvreboite.fr\/theatreoeuvre\/devenir-benevole\/","title":{"rendered":"Devenir b\u00e9n\u00e9vole"},"content":{"rendered":"<p align=\"justify\"><span lang=\"fr-FR\">REJOIGNEZ NOUS <\/span><\/p>\n<p align=\"justify\"><span lang=\"fr-FR\">L\u2019aventure 2023-2024 d\u00e9marre et nous avons besoin de vous pour que cette saison soit une r\u00e9ussite.<br \/>\n<\/span><span lang=\"fr-FR\">Vous voulez d\u00e9couvrir l\u2019envers du d\u00e9cor, participer \u00e0 la vie d\u2019un lieu d\u00e9di\u00e9 \u00e0 la culture, soutenir un projet associatif ?<\/span><\/p>\n<p align=\"justify\"><span lang=\"fr-FR\">Venez mettre votre bonne humeur au service des artistes, partenaires, intervenant<\/span><span lang=\"fr-FR\"><span lang=\"de-DE\">\u00b7<\/span><\/span><span lang=\"fr-FR\">es et des publics !<\/span><\/p>\n<p><a class=\"link-custom\" href=\"https:\/\/docs.google.com\/forms\/d\/e\/1FAIpQLScMVnKwfKhjj9nqy5O-CBn7lTvo_WNlDhZvcyDHsckq9p-DNA\/viewform\" target=\"_blank\" rel=\"noopener\">Devenir b\u00e9n\u00e9vole<\/a><\/p>\n<p align=\"justify\"><span lang=\"fr-FR\">Les missions sont simples\u00a0: <br \/>\n<\/span><\/p>\n<ul>\n<li><span lang=\"fr-FR\">accueillir le public<\/span><\/li>\n<li>diffuser des programmes et flyers<\/li>\n<li><span lang=\"fr-FR\">participer \u00e0 l\u2018accueil des artistes<\/span><\/li>\n<li><span lang=\"fr-FR\">aider \u00e0 l\u2019installation du mat\u00e9riel<\/span><\/li>\n<li><span lang=\"fr-FR\">participer \u00e0 la vente des boissons<\/span><\/li>\n<\/ul>\n<p>Entr\u00e9e offerte pour le spectacle du jour (pour les missions effectu\u00e9es les soirs de spectacle)<br \/>\nEntr\u00e9e offerte pour un spectacle du trimestre au choix (pour les missions de diffusions)<\/p>\n","protected":false},"excerpt":{"rendered":"<p>REJOIGNEZ NOUS L\u2019aventure 2023-2024 d\u00e9marre et nous avons besoin de vous pour que cette saison soit une r\u00e9ussite. Vous voulez d\u00e9couvrir l\u2019envers du d\u00e9cor, participer [&hellip;]<\/p>\n","protected":false},"author":3,"featured_media":0,"parent":0,"menu_order":32,"comment_status":"closed","ping_status":"closed","template":"","meta":{"_acf_changed":false,"_genesis_hide_title":false,"_genesis_hide_breadcrumbs":false,"_genesis_hide_singular_image":false,"_genesis_hide_footer_widgets":false,"_genesis_custom_body_class":"","_genesis_custom_post_class":"","_genesis_layout":"","_FSMCFIC_featured_image_caption":"","_FSMCFIC_featured_image_nocaption":"","_FSMCFIC_featured_image_hide":"","footnotes":""},"acf":[],"_links":{"self":[{"href":"https:\/\/dev.ouvreboite.fr\/theatreoeuvre\/wp-json\/wp\/v2\/pages\/1672"}],"collection":[{"href":"https:\/\/dev.ouvreboite.fr\/theatreoeuvre\/wp-json\/wp\/v2\/pages"}],"about":[{"href":"https:\/\/dev.ouvreboite.fr\/theatreoeuvre\/wp-json\/wp\/v2\/types\/page"}],"author":[{"embeddable":true,"href":"https:\/\/dev.ouvreboite.fr\/theatreoeuvre\/wp-json\/wp\/v2\/users\/3"}],"replies":[{"embeddable":true,"href":"https:\/\/dev.ouvreboite.fr\/theatreoeuvre\/wp-json\/wp\/v2\/comments?post=1672"}],"version-history":[{"count":6,"href":"https:\/\/dev.ouvreboite.fr\/theatreoeuvre\/wp-json\/wp\/v2\/pages\/1672\/revisions"}],"predecessor-version":[{"id":1827,"href":"https:\/\/dev.ouvreboite.fr\/theatreoeuvre\/wp-json\/wp\/v2\/pages\/1672\/revisions\/1827"}],"wp:attachment":[{"href":"https:\/\/dev.ouvreboite.fr\/theatreoeuvre\/wp-json\/wp\/v2\/media?parent=1672"}],"curies":[{"name":"wp","href":"https:\/\/api.w.org\/{rel}","templated":true}]}}