{"id":134,"date":"2022-05-18T15:56:42","date_gmt":"2022-05-18T13:56:42","guid":{"rendered":"https:\/\/dev.ouvreboite.fr\/theatreoeuvre\/?page_id=134"},"modified":"2022-11-03T10:51:01","modified_gmt":"2022-11-03T09:51:01","slug":"foyer-daccueil","status":"publish","type":"page","link":"https:\/\/dev.ouvreboite.fr\/theatreoeuvre\/espaces\/foyer-daccueil\/","title":{"rendered":"Foyer d\u2019accueil"},"content":{"rendered":"<div id='gallery-1' class='gallery galleryid-134 gallery-columns-3 gallery-size-thumbnail'><figure class='gallery-item'>\n\t\t\t<div class='gallery-icon landscape'>\n\t\t\t\t<a href='https:\/\/dev.ouvreboite.fr\/theatreoeuvre\/espaces\/foyer-daccueil\/foyer-accueil-2\/'><img loading=\"lazy\" decoding=\"async\" width=\"150\" height=\"150\" src=\"https:\/\/dev.ouvreboite.fr\/theatreoeuvre\/wp-content\/uploads\/2022\/09\/foyer-accueil-150x150.jpg\" class=\"attachment-thumbnail size-thumbnail\" alt=\"\" srcset=\"https:\/\/dev.ouvreboite.fr\/theatreoeuvre\/wp-content\/uploads\/2022\/09\/foyer-accueil-150x150.jpg 150w, https:\/\/dev.ouvreboite.fr\/theatreoeuvre\/wp-content\/uploads\/2022\/09\/foyer-accueil-75x75.jpg 75w, https:\/\/dev.ouvreboite.fr\/theatreoeuvre\/wp-content\/uploads\/2022\/09\/foyer-accueil-940x940.jpg 940w, https:\/\/dev.ouvreboite.fr\/theatreoeuvre\/wp-content\/uploads\/2022\/09\/foyer-accueil-580x580.jpg 580w, https:\/\/dev.ouvreboite.fr\/theatreoeuvre\/wp-content\/uploads\/2022\/09\/foyer-accueil-620x620.jpg 620w\" sizes=\"(max-width: 150px) 100vw, 150px\" \/><\/a>\n\t\t\t<\/div><\/figure><figure class='gallery-item'>\n\t\t\t<div class='gallery-icon landscape'>\n\t\t\t\t<a href='https:\/\/dev.ouvreboite.fr\/theatreoeuvre\/espaces\/foyer-daccueil\/foyer-accueil-4-2\/'><img loading=\"lazy\" decoding=\"async\" width=\"150\" height=\"150\" src=\"https:\/\/dev.ouvreboite.fr\/theatreoeuvre\/wp-content\/uploads\/2022\/09\/foyer-accueil-4-1-150x150.jpg\" class=\"attachment-thumbnail size-thumbnail\" alt=\"\" srcset=\"https:\/\/dev.ouvreboite.fr\/theatreoeuvre\/wp-content\/uploads\/2022\/09\/foyer-accueil-4-1-150x150.jpg 150w, https:\/\/dev.ouvreboite.fr\/theatreoeuvre\/wp-content\/uploads\/2022\/09\/foyer-accueil-4-1-75x75.jpg 75w, https:\/\/dev.ouvreboite.fr\/theatreoeuvre\/wp-content\/uploads\/2022\/09\/foyer-accueil-4-1-940x940.jpg 940w, https:\/\/dev.ouvreboite.fr\/theatreoeuvre\/wp-content\/uploads\/2022\/09\/foyer-accueil-4-1-580x580.jpg 580w, https:\/\/dev.ouvreboite.fr\/theatreoeuvre\/wp-content\/uploads\/2022\/09\/foyer-accueil-4-1-620x620.jpg 620w\" sizes=\"(max-width: 150px) 100vw, 150px\" \/><\/a>\n\t\t\t<\/div><\/figure><figure class='gallery-item'>\n\t\t\t<div class='gallery-icon landscape'>\n\t\t\t\t<a href='https:\/\/dev.ouvreboite.fr\/theatreoeuvre\/espaces\/foyer-daccueil\/foyer-accueil-2-2\/'><img loading=\"lazy\" decoding=\"async\" width=\"150\" height=\"150\" src=\"https:\/\/dev.ouvreboite.fr\/theatreoeuvre\/wp-content\/uploads\/2022\/09\/foyer-accueil-2-150x150.jpg\" class=\"attachment-thumbnail size-thumbnail\" alt=\"\" srcset=\"https:\/\/dev.ouvreboite.fr\/theatreoeuvre\/wp-content\/uploads\/2022\/09\/foyer-accueil-2-150x150.jpg 150w, https:\/\/dev.ouvreboite.fr\/theatreoeuvre\/wp-content\/uploads\/2022\/09\/foyer-accueil-2-75x75.jpg 75w, https:\/\/dev.ouvreboite.fr\/theatreoeuvre\/wp-content\/uploads\/2022\/09\/foyer-accueil-2-940x940.jpg 940w, https:\/\/dev.ouvreboite.fr\/theatreoeuvre\/wp-content\/uploads\/2022\/09\/foyer-accueil-2-580x580.jpg 580w, https:\/\/dev.ouvreboite.fr\/theatreoeuvre\/wp-content\/uploads\/2022\/09\/foyer-accueil-2-620x620.jpg 620w\" sizes=\"(max-width: 150px) 100vw, 150px\" \/><\/a>\n\t\t\t<\/div><\/figure>\n\t\t<\/div>\n\n<p>&nbsp;<\/p>\n<p>Vous souhaitez organiser un vernissage ? Am\u00e9nager un espace de vente ?<\/p>\n<p>R\u00e9servez le Foyer du Th\u00e9\u00e2tre de L\u2019\u0152uvre !<\/p>\n<ul>\n<li>Capacit\u00e9 de 49 personnes<\/li>\n<li>Chaises et des tables \u00e0 disposition<\/li>\n<li>Aide d\u2019un r\u00e9gisseur pour votre installation<\/li>\n<li>Possibilit\u00e9 de disposer de syst\u00e8me son et de video-projection<\/li>\n<li>Possibilit\u00e9 d&rsquo;utiliser le bar sur demande<\/li>\n<\/ul>\n<p>Accessible aux PMR.<\/p>\n","protected":false},"excerpt":{"rendered":"<p>&nbsp; Vous souhaitez organiser un vernissage ? Am\u00e9nager un espace de vente ? R\u00e9servez le Foyer du Th\u00e9\u00e2tre de L\u2019\u0152uvre ! Capacit\u00e9 de 49 personnes [&hellip;]<\/p>\n","protected":false},"author":1,"featured_media":761,"parent":68,"menu_order":24,"comment_status":"closed","ping_status":"closed","template":"","meta":{"_acf_changed":false,"_genesis_hide_title":false,"_genesis_hide_breadcrumbs":false,"_genesis_hide_singular_image":false,"_genesis_hide_footer_widgets":false,"_genesis_custom_body_class":"","_genesis_custom_post_class":"","_genesis_layout":"","_FSMCFIC_featured_image_caption":"","_FSMCFIC_featured_image_nocaption":"","_FSMCFIC_featured_image_hide":"","footnotes":""},"acf":[],"_links":{"self":[{"href":"https:\/\/dev.ouvreboite.fr\/theatreoeuvre\/wp-json\/wp\/v2\/pages\/134"}],"collection":[{"href":"https:\/\/dev.ouvreboite.fr\/theatreoeuvre\/wp-json\/wp\/v2\/pages"}],"about":[{"href":"https:\/\/dev.ouvreboite.fr\/theatreoeuvre\/wp-json\/wp\/v2\/types\/page"}],"author":[{"embeddable":true,"href":"https:\/\/dev.ouvreboite.fr\/theatreoeuvre\/wp-json\/wp\/v2\/users\/1"}],"replies":[{"embeddable":true,"href":"https:\/\/dev.ouvreboite.fr\/theatreoeuvre\/wp-json\/wp\/v2\/comments?post=134"}],"version-history":[{"count":5,"href":"https:\/\/dev.ouvreboite.fr\/theatreoeuvre\/wp-json\/wp\/v2\/pages\/134\/revisions"}],"predecessor-version":[{"id":848,"href":"https:\/\/dev.ouvreboite.fr\/theatreoeuvre\/wp-json\/wp\/v2\/pages\/134\/revisions\/848"}],"up":[{"embeddable":true,"href":"https:\/\/dev.ouvreboite.fr\/theatreoeuvre\/wp-json\/wp\/v2\/pages\/68"}],"wp:featuredmedia":[{"embeddable":true,"href":"https:\/\/dev.ouvreboite.fr\/theatreoeuvre\/wp-json\/wp\/v2\/media\/761"}],"wp:attachment":[{"href":"https:\/\/dev.ouvreboite.fr\/theatreoeuvre\/wp-json\/wp\/v2\/media?parent=134"}],"curies":[{"name":"wp","href":"https:\/\/api.w.org\/{rel}","templated":true}]}}