{"id":125,"date":"2022-05-18T15:53:05","date_gmt":"2022-05-18T13:53:05","guid":{"rendered":"https:\/\/dev.ouvreboite.fr\/theatreoeuvre\/?page_id=125"},"modified":"2024-04-05T14:45:30","modified_gmt":"2024-04-05T12:45:30","slug":"permanences-sociales","status":"publish","type":"page","link":"https:\/\/dev.ouvreboite.fr\/theatreoeuvre\/actions\/permanences-sociales\/","title":{"rendered":"Permanences sociales"},"content":{"rendered":"<div class=\"page\" title=\"Page 22\">\n<div class=\"layoutArea\">\n<div class=\"column\">\n<p>Le Th\u00e9\u00e2tre de l\u2019\u0152uvre est un tiers-lieu impulsant de nombreuses initiatives men\u00e9es par des associations, collectifs et autres habitant.e.s du quartier. Nos valeurs et ma\u00eetres mots ? Coh\u00e9sion sociale, vivre ensemble et faire ensemble ! Les notions de rencontre, d\u2019\u00e9change et de partage sont l\u2019ADN de notre projet global. En plus de la programmation trimestrielle, nous proposons nos espaces \u00e0 diverses permanences de structures \u00e0 caract\u00e8re social. Nous travaillons entre autres, avec <strong>\u00c0 Voix Haute !<\/strong> (cours sociolinguistiques), le <strong>R\u00e9seau Sant\u00e9 Marseille Sud<\/strong> (ateliers pour les personnes atteintes d\u2019affections longue dur\u00e9e), le Secours Populaire (distributions alimentaires), <strong>M\u00e9decins sans Fronti\u00e8res<\/strong> (permanences m\u00e9dicales \u00e0 destination de jeunes mineurs isol\u00e9s) ou <strong>La Cloche<\/strong> (actions solidaires et places suspendues).<\/p>\n<\/div>\n<\/div>\n<\/div>\n","protected":false},"excerpt":{"rendered":"<p>Le Th\u00e9\u00e2tre de l\u2019\u0152uvre est un tiers-lieu impulsant de nombreuses initiatives men\u00e9es par des associations, collectifs et autres habitant.e.s du quartier. Nos valeurs et ma\u00eetres [&hellip;]<\/p>\n","protected":false},"author":1,"featured_media":166,"parent":66,"menu_order":15,"comment_status":"closed","ping_status":"closed","template":"","meta":{"_acf_changed":false,"_genesis_hide_title":false,"_genesis_hide_breadcrumbs":false,"_genesis_hide_singular_image":false,"_genesis_hide_footer_widgets":false,"_genesis_custom_body_class":"","_genesis_custom_post_class":"","_genesis_layout":"","_FSMCFIC_featured_image_caption":"","_FSMCFIC_featured_image_nocaption":"","_FSMCFIC_featured_image_hide":"","footnotes":""},"acf":[],"_links":{"self":[{"href":"https:\/\/dev.ouvreboite.fr\/theatreoeuvre\/wp-json\/wp\/v2\/pages\/125"}],"collection":[{"href":"https:\/\/dev.ouvreboite.fr\/theatreoeuvre\/wp-json\/wp\/v2\/pages"}],"about":[{"href":"https:\/\/dev.ouvreboite.fr\/theatreoeuvre\/wp-json\/wp\/v2\/types\/page"}],"author":[{"embeddable":true,"href":"https:\/\/dev.ouvreboite.fr\/theatreoeuvre\/wp-json\/wp\/v2\/users\/1"}],"replies":[{"embeddable":true,"href":"https:\/\/dev.ouvreboite.fr\/theatreoeuvre\/wp-json\/wp\/v2\/comments?post=125"}],"version-history":[{"count":2,"href":"https:\/\/dev.ouvreboite.fr\/theatreoeuvre\/wp-json\/wp\/v2\/pages\/125\/revisions"}],"predecessor-version":[{"id":2367,"href":"https:\/\/dev.ouvreboite.fr\/theatreoeuvre\/wp-json\/wp\/v2\/pages\/125\/revisions\/2367"}],"up":[{"embeddable":true,"href":"https:\/\/dev.ouvreboite.fr\/theatreoeuvre\/wp-json\/wp\/v2\/pages\/66"}],"wp:featuredmedia":[{"embeddable":true,"href":"https:\/\/dev.ouvreboite.fr\/theatreoeuvre\/wp-json\/wp\/v2\/media\/166"}],"wp:attachment":[{"href":"https:\/\/dev.ouvreboite.fr\/theatreoeuvre\/wp-json\/wp\/v2\/media?parent=125"}],"curies":[{"name":"wp","href":"https:\/\/api.w.org\/{rel}","templated":true}]}}