{"id":108,"date":"2022-05-16T11:13:04","date_gmt":"2022-05-16T09:13:04","guid":{"rendered":"https:\/\/dev.ouvreboite.fr\/theatreoeuvre\/?page_id=108"},"modified":"2022-09-23T14:28:39","modified_gmt":"2022-09-23T12:28:39","slug":"salle-petit-theatre","status":"publish","type":"page","link":"https:\/\/dev.ouvreboite.fr\/theatreoeuvre\/espaces\/salle-petit-theatre\/","title":{"rendered":"Salle Petit Th\u00e9\u00e2tre"},"content":{"rendered":"<p>&nbsp;<\/p>\n<div id='gallery-1' class='gallery galleryid-108 gallery-columns-3 gallery-size-thumbnail'><figure class='gallery-item'>\n\t\t\t<div class='gallery-icon landscape'>\n\t\t\t\t<a href='https:\/\/dev.ouvreboite.fr\/theatreoeuvre\/espaces\/salle-petit-theatre\/salle-petit-theatre-4\/'><img loading=\"lazy\" decoding=\"async\" width=\"150\" height=\"150\" src=\"https:\/\/dev.ouvreboite.fr\/theatreoeuvre\/wp-content\/uploads\/2022\/09\/Salle-petit-theatre-4-150x150.jpg\" class=\"attachment-thumbnail size-thumbnail\" alt=\"\" srcset=\"https:\/\/dev.ouvreboite.fr\/theatreoeuvre\/wp-content\/uploads\/2022\/09\/Salle-petit-theatre-4-150x150.jpg 150w, https:\/\/dev.ouvreboite.fr\/theatreoeuvre\/wp-content\/uploads\/2022\/09\/Salle-petit-theatre-4-75x75.jpg 75w, https:\/\/dev.ouvreboite.fr\/theatreoeuvre\/wp-content\/uploads\/2022\/09\/Salle-petit-theatre-4-580x580.jpg 580w, https:\/\/dev.ouvreboite.fr\/theatreoeuvre\/wp-content\/uploads\/2022\/09\/Salle-petit-theatre-4-620x620.jpg 620w, https:\/\/dev.ouvreboite.fr\/theatreoeuvre\/wp-content\/uploads\/2022\/09\/Salle-petit-theatre-4-940x940.jpg 940w\" sizes=\"(max-width: 150px) 100vw, 150px\" \/><\/a>\n\t\t\t<\/div><\/figure><figure class='gallery-item'>\n\t\t\t<div class='gallery-icon landscape'>\n\t\t\t\t<a href='https:\/\/dev.ouvreboite.fr\/theatreoeuvre\/espaces\/salle-petit-theatre\/salle-petit-theatre-3-2\/'><img loading=\"lazy\" decoding=\"async\" width=\"150\" height=\"150\" src=\"https:\/\/dev.ouvreboite.fr\/theatreoeuvre\/wp-content\/uploads\/2022\/09\/Salle-petit-theatre-3-150x150.jpg\" class=\"attachment-thumbnail size-thumbnail\" alt=\"Salle petit th\u00e9\u00e2tre\" srcset=\"https:\/\/dev.ouvreboite.fr\/theatreoeuvre\/wp-content\/uploads\/2022\/09\/Salle-petit-theatre-3-150x150.jpg 150w, https:\/\/dev.ouvreboite.fr\/theatreoeuvre\/wp-content\/uploads\/2022\/09\/Salle-petit-theatre-3-75x75.jpg 75w, https:\/\/dev.ouvreboite.fr\/theatreoeuvre\/wp-content\/uploads\/2022\/09\/Salle-petit-theatre-3-940x940.jpg 940w, https:\/\/dev.ouvreboite.fr\/theatreoeuvre\/wp-content\/uploads\/2022\/09\/Salle-petit-theatre-3-580x580.jpg 580w, https:\/\/dev.ouvreboite.fr\/theatreoeuvre\/wp-content\/uploads\/2022\/09\/Salle-petit-theatre-3-620x620.jpg 620w\" sizes=\"(max-width: 150px) 100vw, 150px\" \/><\/a>\n\t\t\t<\/div><\/figure><figure class='gallery-item'>\n\t\t\t<div class='gallery-icon landscape'>\n\t\t\t\t<a href='https:\/\/dev.ouvreboite.fr\/theatreoeuvre\/espaces\/salle-petit-theatre\/salle-petit-theatre-5\/'><img loading=\"lazy\" decoding=\"async\" width=\"150\" height=\"150\" src=\"https:\/\/dev.ouvreboite.fr\/theatreoeuvre\/wp-content\/uploads\/2022\/09\/Salle-petit-theatre-5-150x150.jpg\" class=\"attachment-thumbnail size-thumbnail\" alt=\"\" srcset=\"https:\/\/dev.ouvreboite.fr\/theatreoeuvre\/wp-content\/uploads\/2022\/09\/Salle-petit-theatre-5-150x150.jpg 150w, https:\/\/dev.ouvreboite.fr\/theatreoeuvre\/wp-content\/uploads\/2022\/09\/Salle-petit-theatre-5-75x75.jpg 75w, https:\/\/dev.ouvreboite.fr\/theatreoeuvre\/wp-content\/uploads\/2022\/09\/Salle-petit-theatre-5-940x940.jpg 940w, https:\/\/dev.ouvreboite.fr\/theatreoeuvre\/wp-content\/uploads\/2022\/09\/Salle-petit-theatre-5-580x580.jpg 580w, https:\/\/dev.ouvreboite.fr\/theatreoeuvre\/wp-content\/uploads\/2022\/09\/Salle-petit-theatre-5-620x620.jpg 620w\" sizes=\"(max-width: 150px) 100vw, 150px\" \/><\/a>\n\t\t\t<\/div><\/figure>\n\t\t<\/div>\n\n<p>&nbsp;<\/p>\n<p>Vous donnez des stages, des ateliers ? Vous animez des formations ? Vous avez une r\u00e9union \u00e0 organiser ?<\/p>\n<p>R\u00e9servez la Salle Petit Th\u00e9\u00e2tre du Th\u00e9\u00e2tre de L\u2019\u0152uvre !<\/p>\n<ul>\n<li>Capacit\u00e9 de 19 personnes<\/li>\n<li>Chaises et des tables \u00e0 disposition<\/li>\n<li>Aide d\u2019un r\u00e9gisseur pour votre installation<\/li>\n<li>Possibilit\u00e9 de disposer de syst\u00e8me son et de video-projection<\/li>\n<\/ul>\n<p>Attention, la Salle Petit Th\u00e9\u00e2tre n\u2019est pas accessible aux PMR.<\/p>\n","protected":false},"excerpt":{"rendered":"<p>&nbsp; &nbsp; Vous donnez des stages, des ateliers ? Vous animez des formations ? Vous avez une r\u00e9union \u00e0 organiser ? R\u00e9servez la Salle Petit [&hellip;]<\/p>\n","protected":false},"author":1,"featured_media":738,"parent":68,"menu_order":21,"comment_status":"closed","ping_status":"closed","template":"","meta":{"_acf_changed":false,"_genesis_hide_title":false,"_genesis_hide_breadcrumbs":false,"_genesis_hide_singular_image":false,"_genesis_hide_footer_widgets":false,"_genesis_custom_body_class":"","_genesis_custom_post_class":"","_genesis_layout":"","_FSMCFIC_featured_image_caption":"","_FSMCFIC_featured_image_nocaption":"","_FSMCFIC_featured_image_hide":"","footnotes":""},"acf":[],"_links":{"self":[{"href":"https:\/\/dev.ouvreboite.fr\/theatreoeuvre\/wp-json\/wp\/v2\/pages\/108"}],"collection":[{"href":"https:\/\/dev.ouvreboite.fr\/theatreoeuvre\/wp-json\/wp\/v2\/pages"}],"about":[{"href":"https:\/\/dev.ouvreboite.fr\/theatreoeuvre\/wp-json\/wp\/v2\/types\/page"}],"author":[{"embeddable":true,"href":"https:\/\/dev.ouvreboite.fr\/theatreoeuvre\/wp-json\/wp\/v2\/users\/1"}],"replies":[{"embeddable":true,"href":"https:\/\/dev.ouvreboite.fr\/theatreoeuvre\/wp-json\/wp\/v2\/comments?post=108"}],"version-history":[{"count":4,"href":"https:\/\/dev.ouvreboite.fr\/theatreoeuvre\/wp-json\/wp\/v2\/pages\/108\/revisions"}],"predecessor-version":[{"id":741,"href":"https:\/\/dev.ouvreboite.fr\/theatreoeuvre\/wp-json\/wp\/v2\/pages\/108\/revisions\/741"}],"up":[{"embeddable":true,"href":"https:\/\/dev.ouvreboite.fr\/theatreoeuvre\/wp-json\/wp\/v2\/pages\/68"}],"wp:featuredmedia":[{"embeddable":true,"href":"https:\/\/dev.ouvreboite.fr\/theatreoeuvre\/wp-json\/wp\/v2\/media\/738"}],"wp:attachment":[{"href":"https:\/\/dev.ouvreboite.fr\/theatreoeuvre\/wp-json\/wp\/v2\/media?parent=108"}],"curies":[{"name":"wp","href":"https:\/\/api.w.org\/{rel}","templated":true}]}}