{"id":106,"date":"2022-05-16T11:12:45","date_gmt":"2022-05-16T09:12:45","guid":{"rendered":"https:\/\/dev.ouvreboite.fr\/theatreoeuvre\/?page_id=106"},"modified":"2022-09-23T14:22:39","modified_gmt":"2022-09-23T12:22:39","slug":"salle-de-spectacle","status":"publish","type":"page","link":"https:\/\/dev.ouvreboite.fr\/theatreoeuvre\/espaces\/salle-de-spectacle\/","title":{"rendered":"Salle de spectacle"},"content":{"rendered":"<div id='gallery-1' class='gallery galleryid-106 gallery-columns-3 gallery-size-thumbnail'><figure class='gallery-item'>\n\t\t\t<div class='gallery-icon landscape'>\n\t\t\t\t<a href='https:\/\/dev.ouvreboite.fr\/theatreoeuvre\/espaces\/salle-de-spectacle\/salle-de-spectacle-11\/'><img loading=\"lazy\" decoding=\"async\" width=\"150\" height=\"150\" src=\"https:\/\/dev.ouvreboite.fr\/theatreoeuvre\/wp-content\/uploads\/2022\/09\/Salle-de-spectacle-11-150x150.jpg\" class=\"attachment-thumbnail size-thumbnail\" alt=\"salle de th\u00e9\u00e2tre prise en photo et vide\" srcset=\"https:\/\/dev.ouvreboite.fr\/theatreoeuvre\/wp-content\/uploads\/2022\/09\/Salle-de-spectacle-11-150x150.jpg 150w, https:\/\/dev.ouvreboite.fr\/theatreoeuvre\/wp-content\/uploads\/2022\/09\/Salle-de-spectacle-11-75x75.jpg 75w, https:\/\/dev.ouvreboite.fr\/theatreoeuvre\/wp-content\/uploads\/2022\/09\/Salle-de-spectacle-11-580x580.jpg 580w, https:\/\/dev.ouvreboite.fr\/theatreoeuvre\/wp-content\/uploads\/2022\/09\/Salle-de-spectacle-11-620x620.jpg 620w, https:\/\/dev.ouvreboite.fr\/theatreoeuvre\/wp-content\/uploads\/2022\/09\/Salle-de-spectacle-11-940x940.jpg 940w\" sizes=\"(max-width: 150px) 100vw, 150px\" \/><\/a>\n\t\t\t<\/div><\/figure><figure class='gallery-item'>\n\t\t\t<div class='gallery-icon landscape'>\n\t\t\t\t<a href='https:\/\/dev.ouvreboite.fr\/theatreoeuvre\/espaces\/salle-de-spectacle\/salle-de-spectacle-7\/'><img loading=\"lazy\" decoding=\"async\" width=\"150\" height=\"150\" src=\"https:\/\/dev.ouvreboite.fr\/theatreoeuvre\/wp-content\/uploads\/2022\/09\/Salle-de-spectacle-7-150x150.jpg\" class=\"attachment-thumbnail size-thumbnail\" alt=\"\" srcset=\"https:\/\/dev.ouvreboite.fr\/theatreoeuvre\/wp-content\/uploads\/2022\/09\/Salle-de-spectacle-7-150x150.jpg 150w, https:\/\/dev.ouvreboite.fr\/theatreoeuvre\/wp-content\/uploads\/2022\/09\/Salle-de-spectacle-7-75x75.jpg 75w, https:\/\/dev.ouvreboite.fr\/theatreoeuvre\/wp-content\/uploads\/2022\/09\/Salle-de-spectacle-7-940x940.jpg 940w, https:\/\/dev.ouvreboite.fr\/theatreoeuvre\/wp-content\/uploads\/2022\/09\/Salle-de-spectacle-7-580x580.jpg 580w, https:\/\/dev.ouvreboite.fr\/theatreoeuvre\/wp-content\/uploads\/2022\/09\/Salle-de-spectacle-7-620x620.jpg 620w\" sizes=\"(max-width: 150px) 100vw, 150px\" \/><\/a>\n\t\t\t<\/div><\/figure><figure class='gallery-item'>\n\t\t\t<div class='gallery-icon landscape'>\n\t\t\t\t<a href='https:\/\/dev.ouvreboite.fr\/theatreoeuvre\/espaces\/salle-de-spectacle\/salle-de-spectacle-4\/'><img loading=\"lazy\" decoding=\"async\" width=\"150\" height=\"150\" src=\"https:\/\/dev.ouvreboite.fr\/theatreoeuvre\/wp-content\/uploads\/2022\/09\/Salle-de-spectacle-4-150x150.jpg\" class=\"attachment-thumbnail size-thumbnail\" alt=\"\" srcset=\"https:\/\/dev.ouvreboite.fr\/theatreoeuvre\/wp-content\/uploads\/2022\/09\/Salle-de-spectacle-4-150x150.jpg 150w, https:\/\/dev.ouvreboite.fr\/theatreoeuvre\/wp-content\/uploads\/2022\/09\/Salle-de-spectacle-4-75x75.jpg 75w, https:\/\/dev.ouvreboite.fr\/theatreoeuvre\/wp-content\/uploads\/2022\/09\/Salle-de-spectacle-4-940x940.jpg 940w, https:\/\/dev.ouvreboite.fr\/theatreoeuvre\/wp-content\/uploads\/2022\/09\/Salle-de-spectacle-4-580x580.jpg 580w, https:\/\/dev.ouvreboite.fr\/theatreoeuvre\/wp-content\/uploads\/2022\/09\/Salle-de-spectacle-4-620x620.jpg 620w\" sizes=\"(max-width: 150px) 100vw, 150px\" \/><\/a>\n\t\t\t<\/div><\/figure>\n\t\t<\/div>\n\n<p>&nbsp;<\/p>\n<p>Un spectacle \u00e0 jouer ? Une conf\u00e9rence \u00e0 donner ? Un tournage \u00e0 r\u00e9aliser ou un autre besoin de privatisation ?<\/p>\n<p>R\u00e9servez la salle de spectacle du Th\u00e9\u00e2tre de L\u2019\u0152uvre !<\/p>\n<ul>\n<li>Th\u00e9\u00e2tre rococo-baroque de 179 places (strapontins inclus)<\/li>\n<li>Ouverture de la sc\u00e8ne : 5,20m Profondeur 5,30m (dont 1,40m de proscenium)<\/li>\n<li>Syst\u00e8me de diffusion st\u00e9r\u00e9o avec sub<\/li>\n<li>Video-projecteur et \u00e9cran de projection<\/li>\n<li>\u00c9quipement lumi\u00e8re (voir fiche technique)<\/li>\n<li>Chaises et tables \u00e0 disposition<\/li>\n<li>Aide d\u2019un r\u00e9gisseur pour votre installation<\/li>\n<li>Voir plans et fiche technique dans l&rsquo;onglet Pro\/Presse (mot de passe sur demande \u00e0 l&rsquo;adresse technique@theatre-oeuvre.com)<\/li>\n<\/ul>\n<p>Accessible aux PMR.<\/p>\n","protected":false},"excerpt":{"rendered":"<p>&nbsp; Un spectacle \u00e0 jouer ? Une conf\u00e9rence \u00e0 donner ? Un tournage \u00e0 r\u00e9aliser ou un autre besoin de privatisation ? R\u00e9servez la salle [&hellip;]<\/p>\n","protected":false},"author":1,"featured_media":733,"parent":68,"menu_order":20,"comment_status":"closed","ping_status":"closed","template":"","meta":{"_acf_changed":false,"_genesis_hide_title":false,"_genesis_hide_breadcrumbs":false,"_genesis_hide_singular_image":false,"_genesis_hide_footer_widgets":false,"_genesis_custom_body_class":"","_genesis_custom_post_class":"","_genesis_layout":"","_FSMCFIC_featured_image_caption":"","_FSMCFIC_featured_image_nocaption":"","_FSMCFIC_featured_image_hide":"","footnotes":""},"acf":[],"_links":{"self":[{"href":"https:\/\/dev.ouvreboite.fr\/theatreoeuvre\/wp-json\/wp\/v2\/pages\/106"}],"collection":[{"href":"https:\/\/dev.ouvreboite.fr\/theatreoeuvre\/wp-json\/wp\/v2\/pages"}],"about":[{"href":"https:\/\/dev.ouvreboite.fr\/theatreoeuvre\/wp-json\/wp\/v2\/types\/page"}],"author":[{"embeddable":true,"href":"https:\/\/dev.ouvreboite.fr\/theatreoeuvre\/wp-json\/wp\/v2\/users\/1"}],"replies":[{"embeddable":true,"href":"https:\/\/dev.ouvreboite.fr\/theatreoeuvre\/wp-json\/wp\/v2\/comments?post=106"}],"version-history":[{"count":8,"href":"https:\/\/dev.ouvreboite.fr\/theatreoeuvre\/wp-json\/wp\/v2\/pages\/106\/revisions"}],"predecessor-version":[{"id":736,"href":"https:\/\/dev.ouvreboite.fr\/theatreoeuvre\/wp-json\/wp\/v2\/pages\/106\/revisions\/736"}],"up":[{"embeddable":true,"href":"https:\/\/dev.ouvreboite.fr\/theatreoeuvre\/wp-json\/wp\/v2\/pages\/68"}],"wp:featuredmedia":[{"embeddable":true,"href":"https:\/\/dev.ouvreboite.fr\/theatreoeuvre\/wp-json\/wp\/v2\/media\/733"}],"wp:attachment":[{"href":"https:\/\/dev.ouvreboite.fr\/theatreoeuvre\/wp-json\/wp\/v2\/media?parent=106"}],"curies":[{"name":"wp","href":"https:\/\/api.w.org\/{rel}","templated":true}]}}