{"id":104,"date":"2022-05-16T11:02:39","date_gmt":"2022-05-16T09:02:39","guid":{"rendered":"https:\/\/dev.ouvreboite.fr\/theatreoeuvre\/?page_id=104"},"modified":"2024-04-18T11:44:14","modified_gmt":"2024-04-18T09:44:14","slug":"libere-toi-au-theatre-2","status":"publish","type":"page","link":"https:\/\/dev.ouvreboite.fr\/theatreoeuvre\/actions\/libere-toi-au-theatre-2\/","title":{"rendered":"(Re)Cr\u00e9ons Ensemble !"},"content":{"rendered":"<p class=\"p1\"><span class=\"s1\"><b>Les mardis et vendredis | 16H30 &#8211; 18H30 | Gratuit<\/b><\/span><\/p>\n<p class=\"p3\">Cet atelier en trois temps (go\u00fbter, aide aux devoirs et expression artistique) offre la possibilit\u00e9 aux \u00e9l\u00e8ves d\u2019\u00e9coles du quartier de pratiquer musique, danse et th\u00e9\u00e2tre, en vue d\u2019une restitution sur sc\u00e8ne au mois de juin.<\/p>\n<p class=\"p3\"><strong>Infos |<\/strong> mediationfamilles@theatre-oeuvre.com<\/p>\n<p><strong>Partenaires |<\/strong> AFEV, \u00c9cole Korsec<\/p>\n","protected":false},"excerpt":{"rendered":"<p>Les mardis et vendredis | 16H30 &#8211; 18H30 | Gratuit Cet atelier en trois temps (go\u00fbter, aide aux devoirs et expression artistique) offre la possibilit\u00e9 [&hellip;]<\/p>\n","protected":false},"author":1,"featured_media":2396,"parent":66,"menu_order":10,"comment_status":"closed","ping_status":"closed","template":"","meta":{"_acf_changed":false,"_genesis_hide_title":false,"_genesis_hide_breadcrumbs":false,"_genesis_hide_singular_image":false,"_genesis_hide_footer_widgets":false,"_genesis_custom_body_class":"","_genesis_custom_post_class":"","_genesis_layout":"","_FSMCFIC_featured_image_caption":"","_FSMCFIC_featured_image_nocaption":"","_FSMCFIC_featured_image_hide":"","footnotes":""},"acf":[],"_links":{"self":[{"href":"https:\/\/dev.ouvreboite.fr\/theatreoeuvre\/wp-json\/wp\/v2\/pages\/104"}],"collection":[{"href":"https:\/\/dev.ouvreboite.fr\/theatreoeuvre\/wp-json\/wp\/v2\/pages"}],"about":[{"href":"https:\/\/dev.ouvreboite.fr\/theatreoeuvre\/wp-json\/wp\/v2\/types\/page"}],"author":[{"embeddable":true,"href":"https:\/\/dev.ouvreboite.fr\/theatreoeuvre\/wp-json\/wp\/v2\/users\/1"}],"replies":[{"embeddable":true,"href":"https:\/\/dev.ouvreboite.fr\/theatreoeuvre\/wp-json\/wp\/v2\/comments?post=104"}],"version-history":[{"count":5,"href":"https:\/\/dev.ouvreboite.fr\/theatreoeuvre\/wp-json\/wp\/v2\/pages\/104\/revisions"}],"predecessor-version":[{"id":2398,"href":"https:\/\/dev.ouvreboite.fr\/theatreoeuvre\/wp-json\/wp\/v2\/pages\/104\/revisions\/2398"}],"up":[{"embeddable":true,"href":"https:\/\/dev.ouvreboite.fr\/theatreoeuvre\/wp-json\/wp\/v2\/pages\/66"}],"wp:featuredmedia":[{"embeddable":true,"href":"https:\/\/dev.ouvreboite.fr\/theatreoeuvre\/wp-json\/wp\/v2\/media\/2396"}],"wp:attachment":[{"href":"https:\/\/dev.ouvreboite.fr\/theatreoeuvre\/wp-json\/wp\/v2\/media?parent=104"}],"curies":[{"name":"wp","href":"https:\/\/api.w.org\/{rel}","templated":true}]}}