{"id":6060,"date":"2024-10-14T13:22:34","date_gmt":"2024-10-14T11:22:34","guid":{"rendered":"https:\/\/dev.ouvreboite.fr\/marsatac\/?page_id=6060"},"modified":"2025-01-22T13:56:25","modified_gmt":"2025-01-22T12:56:25","slug":"sur-place","status":"publish","type":"page","link":"https:\/\/dev.ouvreboite.fr\/marsatac\/infos\/sur-place\/","title":{"rendered":"Sur place"},"content":{"rendered":"<p>Toutes les infos pratiques pour profiter \u00e0 fond du festival une fois sur place ! Se restaurer, s\u2019hydrater, chiller un peu, et s&#8217;amuser m\u00eame entre les concerts : tout est expliqu\u00e9 ici ! Alors, pr\u00eat \u00e0 vivre l\u2019exp\u00e9rience Marsatac \u00e0 fond ? Let&#8217;s go ! \ud83c\udf89<\/p>\n","protected":false},"excerpt":{"rendered":"<p>Toutes les infos pratiques pour profiter \u00e0 fond du festival une fois sur place ! Se restaurer, s\u2019hydrater, chiller un peu, et s&#8217;amuser m\u00eame entre les concerts : tout est expliqu\u00e9 ici ! Alors, pr\u00eat \u00e0 vivre l\u2019exp\u00e9rience Marsatac \u00e0 fond ? Let&#8217;s go ! \ud83c\udf89<\/p>\n","protected":false},"author":7,"featured_media":0,"parent":19,"menu_order":14,"comment_status":"closed","ping_status":"closed","template":"page-template\/page.php","meta":{"_acf_changed":false,"inline_featured_image":false,"footnotes":""},"class_list":["post-6060","page","type-page","status-publish","hentry"],"acf":[],"_links":{"self":[{"href":"https:\/\/dev.ouvreboite.fr\/marsatac\/wp-json\/wp\/v2\/pages\/6060","targetHints":{"allow":["GET"]}}],"collection":[{"href":"https:\/\/dev.ouvreboite.fr\/marsatac\/wp-json\/wp\/v2\/pages"}],"about":[{"href":"https:\/\/dev.ouvreboite.fr\/marsatac\/wp-json\/wp\/v2\/types\/page"}],"author":[{"embeddable":true,"href":"https:\/\/dev.ouvreboite.fr\/marsatac\/wp-json\/wp\/v2\/users\/7"}],"replies":[{"embeddable":true,"href":"https:\/\/dev.ouvreboite.fr\/marsatac\/wp-json\/wp\/v2\/comments?post=6060"}],"version-history":[{"count":16,"href":"https:\/\/dev.ouvreboite.fr\/marsatac\/wp-json\/wp\/v2\/pages\/6060\/revisions"}],"predecessor-version":[{"id":7259,"href":"https:\/\/dev.ouvreboite.fr\/marsatac\/wp-json\/wp\/v2\/pages\/6060\/revisions\/7259"}],"up":[{"embeddable":true,"href":"https:\/\/dev.ouvreboite.fr\/marsatac\/wp-json\/wp\/v2\/pages\/19"}],"wp:attachment":[{"href":"https:\/\/dev.ouvreboite.fr\/marsatac\/wp-json\/wp\/v2\/media?parent=6060"}],"curies":[{"name":"wp","href":"https:\/\/api.w.org\/{rel}","templated":true}]}}