{"id":5021,"date":"2024-10-14T13:22:37","date_gmt":"2024-10-14T11:22:37","guid":{"rendered":"https:\/\/dev.ouvreboite.fr\/marsatac\/?page_id=5021"},"modified":"2025-04-02T18:13:29","modified_gmt":"2025-04-02T16:13:29","slug":"benevoles","status":"publish","type":"page","link":"https:\/\/dev.ouvreboite.fr\/marsatac\/benevoles\/","title":{"rendered":"B\u00e9n\u00e9voles"},"content":{"rendered":"<p><strong>LES INSCRIPTIONS SONT OUVERTES !<\/strong><\/p>\n<p>T\u2019es fan de festival, passionn\u00e9 de musique et toujours pr\u00eat \u00e0 donner un coup de main ? Viens vivre Marsatac de l\u2019int\u00e9rieur en rejoignant la team de b\u00e9n\u00e9voles !<\/p>\n<p>Que tu sois motiv\u00e9\u00b7e pour int\u00e9grer la brigade verte, aider aux accr\u00e9ditations, vendre du merch\u2019, g\u00e9rer l\u2019accueil presse ou faire de la diffusion, il y a forc\u00e9ment une mission faite pour toi.<\/p>\n<p><a href=\"https:\/\/form.heeds.eu\/registration\/21383\/291574a26a6acb6dc209ab90a965affd\">INSCRIS-TOI EN CLIQUANT SUR CE LIEN<\/a> !<\/p>\n","protected":false},"excerpt":{"rendered":"<p>LES INSCRIPTIONS SONT OUVERTES ! T\u2019es fan de festival, passionn\u00e9 de musique et toujours pr\u00eat \u00e0 donner un coup de main ? Viens vivre Marsatac de l\u2019int\u00e9rieur en rejoignant la team de b\u00e9n\u00e9voles ! Que tu sois motiv\u00e9\u00b7e pour int\u00e9grer la brigade verte, aider aux accr\u00e9ditations, vendre du merch\u2019, g\u00e9rer l\u2019accueil presse ou faire de [&hellip;]<\/p>\n","protected":false},"author":1,"featured_media":0,"parent":0,"menu_order":25,"comment_status":"closed","ping_status":"closed","template":"page-template\/landing.php","meta":{"_acf_changed":false,"inline_featured_image":false,"footnotes":""},"class_list":["post-5021","page","type-page","status-publish","hentry"],"acf":[],"_links":{"self":[{"href":"https:\/\/dev.ouvreboite.fr\/marsatac\/wp-json\/wp\/v2\/pages\/5021","targetHints":{"allow":["GET"]}}],"collection":[{"href":"https:\/\/dev.ouvreboite.fr\/marsatac\/wp-json\/wp\/v2\/pages"}],"about":[{"href":"https:\/\/dev.ouvreboite.fr\/marsatac\/wp-json\/wp\/v2\/types\/page"}],"author":[{"embeddable":true,"href":"https:\/\/dev.ouvreboite.fr\/marsatac\/wp-json\/wp\/v2\/users\/1"}],"replies":[{"embeddable":true,"href":"https:\/\/dev.ouvreboite.fr\/marsatac\/wp-json\/wp\/v2\/comments?post=5021"}],"version-history":[{"count":25,"href":"https:\/\/dev.ouvreboite.fr\/marsatac\/wp-json\/wp\/v2\/pages\/5021\/revisions"}],"predecessor-version":[{"id":7917,"href":"https:\/\/dev.ouvreboite.fr\/marsatac\/wp-json\/wp\/v2\/pages\/5021\/revisions\/7917"}],"wp:attachment":[{"href":"https:\/\/dev.ouvreboite.fr\/marsatac\/wp-json\/wp\/v2\/media?parent=5021"}],"curies":[{"name":"wp","href":"https:\/\/api.w.org\/{rel}","templated":true}]}}