{"id":421,"date":"2024-10-14T13:22:39","date_gmt":"2024-10-14T11:22:39","guid":{"rendered":"https:\/\/dev.ouvreboite.fr\/marsatac\/?page_id=421"},"modified":"2024-10-14T13:45:41","modified_gmt":"2024-10-14T11:45:41","slug":"retrospective","status":"publish","type":"page","link":"https:\/\/dev.ouvreboite.fr\/marsatac\/retrospective\/","title":{"rendered":"R\u00e9trospective"},"content":{"rendered":"<p>Un apr\u00e8s-midi ensoleill\u00e9 \u00e0 Londres, B\u00e9atrice, Dro et Laurence se retrouvent \u00e0 Finsbury Park, les discussions vont bon train et ces trois l\u00e0 finissent par se dire qu\u2019il manque un festival \u00e0 leur ville : MARSEILLE.<\/p>\n<p>Le soir ils rentrent avec une bouteille de champagne sous le bras et se disent&#8230; Voil\u00e0 on a trouv\u00e9 notre m\u00e9tier !<\/p>\n","protected":false},"excerpt":{"rendered":"<p>Un apr\u00e8s-midi ensoleill\u00e9 \u00e0 Londres, B\u00e9atrice, Dro et Laurence se retrouvent \u00e0 Finsbury Park, les discussions vont bon train et ces trois l\u00e0 finissent par se dire qu\u2019il manque un festival \u00e0 leur ville : MARSEILLE. Le soir ils rentrent avec une bouteille de champagne sous le bras et se disent&#8230; Voil\u00e0 on a trouv\u00e9 [&hellip;]<\/p>\n","protected":false},"author":1,"featured_media":0,"parent":0,"menu_order":32,"comment_status":"closed","ping_status":"closed","template":"page-template\/retrospective.php","meta":{"_acf_changed":false,"inline_featured_image":false,"footnotes":""},"class_list":["post-421","page","type-page","status-publish","hentry"],"acf":[],"_links":{"self":[{"href":"https:\/\/dev.ouvreboite.fr\/marsatac\/wp-json\/wp\/v2\/pages\/421","targetHints":{"allow":["GET"]}}],"collection":[{"href":"https:\/\/dev.ouvreboite.fr\/marsatac\/wp-json\/wp\/v2\/pages"}],"about":[{"href":"https:\/\/dev.ouvreboite.fr\/marsatac\/wp-json\/wp\/v2\/types\/page"}],"author":[{"embeddable":true,"href":"https:\/\/dev.ouvreboite.fr\/marsatac\/wp-json\/wp\/v2\/users\/1"}],"replies":[{"embeddable":true,"href":"https:\/\/dev.ouvreboite.fr\/marsatac\/wp-json\/wp\/v2\/comments?post=421"}],"version-history":[{"count":4,"href":"https:\/\/dev.ouvreboite.fr\/marsatac\/wp-json\/wp\/v2\/pages\/421\/revisions"}],"predecessor-version":[{"id":4475,"href":"https:\/\/dev.ouvreboite.fr\/marsatac\/wp-json\/wp\/v2\/pages\/421\/revisions\/4475"}],"wp:attachment":[{"href":"https:\/\/dev.ouvreboite.fr\/marsatac\/wp-json\/wp\/v2\/media?parent=421"}],"curies":[{"name":"wp","href":"https:\/\/api.w.org\/{rel}","templated":true}]}}