{"id":3833,"date":"2024-10-14T13:22:34","date_gmt":"2024-10-14T11:22:34","guid":{"rendered":"https:\/\/dev.ouvreboite.fr\/marsatac\/?page_id=3833"},"modified":"2025-03-30T22:36:25","modified_gmt":"2025-03-30T20:36:25","slug":"securite-prevention","status":"publish","type":"page","link":"https:\/\/dev.ouvreboite.fr\/marsatac\/infos\/securite-prevention\/","title":{"rendered":"S\u00e9curit\u00e9 &#038; pr\u00e9vention"},"content":{"rendered":"<p>Sache qu\u2019\u00e0 Marsatac on a toujours \u00e9t\u00e9 tr\u00e8s attentif aux questions de s\u00e9curit\u00e9, pas tant pour \u00eatre relou que pour permettre \u00e0 tout le monde de kiffer dans la bienveillance et le respect. Retrouve ici toutes les informations importantes concernant la s\u00e9curit\u00e9 et la pr\u00e9vention, pour que chacun puisse profiter pleinement du festival dans les meilleures conditions !<\/p>\n","protected":false},"excerpt":{"rendered":"<p>Sache qu\u2019\u00e0 Marsatac on a toujours \u00e9t\u00e9 tr\u00e8s attentif aux questions de s\u00e9curit\u00e9, pas tant pour \u00eatre relou que pour permettre \u00e0 tout le monde de kiffer dans la bienveillance et le respect. Retrouve ici toutes les informations importantes concernant la s\u00e9curit\u00e9 et la pr\u00e9vention, pour que chacun puisse profiter pleinement du festival dans les [&hellip;]<\/p>\n","protected":false},"author":1,"featured_media":0,"parent":19,"menu_order":16,"comment_status":"closed","ping_status":"closed","template":"","meta":{"_acf_changed":false,"inline_featured_image":false,"footnotes":""},"class_list":["post-3833","page","type-page","status-publish","hentry"],"acf":[],"_links":{"self":[{"href":"https:\/\/dev.ouvreboite.fr\/marsatac\/wp-json\/wp\/v2\/pages\/3833","targetHints":{"allow":["GET"]}}],"collection":[{"href":"https:\/\/dev.ouvreboite.fr\/marsatac\/wp-json\/wp\/v2\/pages"}],"about":[{"href":"https:\/\/dev.ouvreboite.fr\/marsatac\/wp-json\/wp\/v2\/types\/page"}],"author":[{"embeddable":true,"href":"https:\/\/dev.ouvreboite.fr\/marsatac\/wp-json\/wp\/v2\/users\/1"}],"replies":[{"embeddable":true,"href":"https:\/\/dev.ouvreboite.fr\/marsatac\/wp-json\/wp\/v2\/comments?post=3833"}],"version-history":[{"count":19,"href":"https:\/\/dev.ouvreboite.fr\/marsatac\/wp-json\/wp\/v2\/pages\/3833\/revisions"}],"predecessor-version":[{"id":7857,"href":"https:\/\/dev.ouvreboite.fr\/marsatac\/wp-json\/wp\/v2\/pages\/3833\/revisions\/7857"}],"up":[{"embeddable":true,"href":"https:\/\/dev.ouvreboite.fr\/marsatac\/wp-json\/wp\/v2\/pages\/19"}],"wp:attachment":[{"href":"https:\/\/dev.ouvreboite.fr\/marsatac\/wp-json\/wp\/v2\/media?parent=3833"}],"curies":[{"name":"wp","href":"https:\/\/api.w.org\/{rel}","templated":true}]}}