{"id":25,"date":"2024-10-14T13:22:34","date_gmt":"2024-10-14T11:22:34","guid":{"rendered":"https:\/\/dev.ouvreboite.fr\/marsatac\/?page_id=25"},"modified":"2025-03-30T22:35:47","modified_gmt":"2025-03-30T20:35:47","slug":"accessibilite","status":"publish","type":"page","link":"https:\/\/dev.ouvreboite.fr\/marsatac\/infos\/accessibilite\/","title":{"rendered":"Accessibilit\u00e9"},"content":{"rendered":"<p>Chaque ann\u00e9e, Marsatac s\u2019engage \u00e0 rendre le festival accessible pour tous et toutes ! Aux c\u00f4t\u00e9s de notre partenaire <span style=\"color: #e8308a;\"><a style=\"color: #e8308a;\" href=\"https:\/\/www.malakoffhumanis.com\/\"><span style=\"text-decoration: underline;\">Malakoff Humanis<\/span><\/a><\/span>, tout a \u00e9t\u00e9 pens\u00e9 et am\u00e9nag\u00e9 pour que chacun puisse s\u2019amuser et profiter de cette exp\u00e9rience !<\/p>\n<p>Retrouve ici toutes les infos pratiques concernant nos dispositifs d&#8217;accessibilit\u00e9 !<\/p>\n<p><em>Si tu veux en savoir plus sur nos engagements sur l&#8217;accessibilit\u00e9, <span style=\"color: #e8308a;\"><a style=\"color: #e8308a;\" href=\"https:\/\/dev.ouvreboite.fr\/marsatac\/durable-solidaire\/accessible\/\">clique ici<\/a><\/span><\/em><\/p>\n","protected":false},"excerpt":{"rendered":"<p>Chaque ann\u00e9e, Marsatac s\u2019engage \u00e0 rendre le festival accessible pour tous et toutes ! Aux c\u00f4t\u00e9s de notre partenaire Malakoff Humanis, tout a \u00e9t\u00e9 pens\u00e9 et am\u00e9nag\u00e9 pour que chacun puisse s\u2019amuser et profiter de cette exp\u00e9rience ! Retrouve ici toutes les infos pratiques concernant nos dispositifs d&#8217;accessibilit\u00e9 ! Si tu veux en savoir plus [&hellip;]<\/p>\n","protected":false},"author":1,"featured_media":0,"parent":19,"menu_order":15,"comment_status":"closed","ping_status":"closed","template":"","meta":{"_acf_changed":false,"inline_featured_image":false,"footnotes":""},"class_list":["post-25","page","type-page","status-publish","hentry"],"acf":[],"_links":{"self":[{"href":"https:\/\/dev.ouvreboite.fr\/marsatac\/wp-json\/wp\/v2\/pages\/25","targetHints":{"allow":["GET"]}}],"collection":[{"href":"https:\/\/dev.ouvreboite.fr\/marsatac\/wp-json\/wp\/v2\/pages"}],"about":[{"href":"https:\/\/dev.ouvreboite.fr\/marsatac\/wp-json\/wp\/v2\/types\/page"}],"author":[{"embeddable":true,"href":"https:\/\/dev.ouvreboite.fr\/marsatac\/wp-json\/wp\/v2\/users\/1"}],"replies":[{"embeddable":true,"href":"https:\/\/dev.ouvreboite.fr\/marsatac\/wp-json\/wp\/v2\/comments?post=25"}],"version-history":[{"count":21,"href":"https:\/\/dev.ouvreboite.fr\/marsatac\/wp-json\/wp\/v2\/pages\/25\/revisions"}],"predecessor-version":[{"id":7856,"href":"https:\/\/dev.ouvreboite.fr\/marsatac\/wp-json\/wp\/v2\/pages\/25\/revisions\/7856"}],"up":[{"embeddable":true,"href":"https:\/\/dev.ouvreboite.fr\/marsatac\/wp-json\/wp\/v2\/pages\/19"}],"wp:attachment":[{"href":"https:\/\/dev.ouvreboite.fr\/marsatac\/wp-json\/wp\/v2\/media?parent=25"}],"curies":[{"name":"wp","href":"https:\/\/api.w.org\/{rel}","templated":true}]}}