{"id":15,"date":"2020-05-19T18:12:05","date_gmt":"2020-05-19T16:12:05","guid":{"rendered":"https:\/\/dev.ouvreboite.fr\/marsatac\/?page_id=15"},"modified":"2026-02-24T13:43:36","modified_gmt":"2026-02-24T12:43:36","slug":"billetterie","status":"publish","type":"page","link":"https:\/\/dev.ouvreboite.fr\/marsatac\/billetterie\/","title":{"rendered":"Billetterie"},"content":{"rendered":"<p>Par ici la billetterie ! Bim bam boum c\u2019est juste en dessous que tu peux choper ton pr\u00e9cieux s\u00e9same. Que \u00e7a soit un pass 1 ou 2 jours, tout est l\u00e0. <strong>Profite de nos tarifs &#8211; Phase 2 &#8211; avant le passage \u00e0 la phase 3 !\u00a0<\/strong><\/p>\n","protected":false},"excerpt":{"rendered":"<p>Par ici la billetterie ! Bim bam boum c\u2019est juste en dessous que tu peux choper ton pr\u00e9cieux s\u00e9same. Que \u00e7a soit un pass 1 ou 2 jours, tout est l\u00e0. Profite de nos tarifs &#8211; Phase 2 &#8211; avant le passage \u00e0 la phase 3 !\u00a0<\/p>\n","protected":false},"author":1,"featured_media":0,"parent":0,"menu_order":9,"comment_status":"closed","ping_status":"closed","template":"page-template\/billetterie.php","meta":{"_acf_changed":false,"inline_featured_image":false,"footnotes":""},"class_list":["post-15","page","type-page","status-publish","hentry"],"acf":[],"_links":{"self":[{"href":"https:\/\/dev.ouvreboite.fr\/marsatac\/wp-json\/wp\/v2\/pages\/15","targetHints":{"allow":["GET"]}}],"collection":[{"href":"https:\/\/dev.ouvreboite.fr\/marsatac\/wp-json\/wp\/v2\/pages"}],"about":[{"href":"https:\/\/dev.ouvreboite.fr\/marsatac\/wp-json\/wp\/v2\/types\/page"}],"author":[{"embeddable":true,"href":"https:\/\/dev.ouvreboite.fr\/marsatac\/wp-json\/wp\/v2\/users\/1"}],"replies":[{"embeddable":true,"href":"https:\/\/dev.ouvreboite.fr\/marsatac\/wp-json\/wp\/v2\/comments?post=15"}],"version-history":[{"count":260,"href":"https:\/\/dev.ouvreboite.fr\/marsatac\/wp-json\/wp\/v2\/pages\/15\/revisions"}],"predecessor-version":[{"id":8110,"href":"https:\/\/dev.ouvreboite.fr\/marsatac\/wp-json\/wp\/v2\/pages\/15\/revisions\/8110"}],"wp:attachment":[{"href":"https:\/\/dev.ouvreboite.fr\/marsatac\/wp-json\/wp\/v2\/media?parent=15"}],"curies":[{"name":"wp","href":"https:\/\/api.w.org\/{rel}","templated":true}]}}