{"id":58,"date":"2021-09-06T14:01:28","date_gmt":"2021-09-06T12:01:28","guid":{"rendered":"https:\/\/dev.ouvreboite.fr\/lam\/?page_id=58"},"modified":"2021-09-18T21:32:30","modified_gmt":"2021-09-18T19:32:30","slug":"infos-pratiques","status":"publish","type":"page","link":"https:\/\/dev.ouvreboite.fr\/lam\/laboratoire\/infos-pratiques\/","title":{"rendered":"Infos pratiques"},"content":{"rendered":"<p>Au Laboratoire d\u2019Astrophysique de Marseille votre s\u00e9jour dans nos locaux et votre s\u00e9curit\u00e9 font partie de nos pr\u00e9occupations. Ces quelques lignes ont pour but d\u2019attirer votre attention sur les principales mesures \u00e0 suivre dans l\u2019enceinte de notre b\u00e2timent. Nous vous serions reconnaissants de bien vouloir les lire attentivement et de veiller \u00e0 respecter nos indications.<\/p>\n","protected":false},"excerpt":{"rendered":"<p>Au Laboratoire d\u2019Astrophysique de Marseille votre s\u00e9jour dans nos locaux et votre s\u00e9curit\u00e9 font partie de nos pr\u00e9occupations. Ces quelques lignes ont pour but d\u2019attirer votre attention sur les principales [&hellip;]<\/p>\n","protected":false},"author":1,"featured_media":0,"parent":48,"menu_order":6,"comment_status":"closed","ping_status":"closed","template":"","meta":{"wp_mapbox_gl_js_media":[],"_genesis_hide_title":false,"_genesis_hide_breadcrumbs":false,"_genesis_hide_singular_image":false,"_genesis_hide_footer_widgets":false,"_genesis_custom_body_class":"","_genesis_custom_post_class":"","_genesis_layout":""},"nomequipe":[],"lang":"fr","translations":{"fr":58},"pll_sync_post":[],"_links":{"self":[{"href":"https:\/\/dev.ouvreboite.fr\/lam\/wp-json\/wp\/v2\/pages\/58"}],"collection":[{"href":"https:\/\/dev.ouvreboite.fr\/lam\/wp-json\/wp\/v2\/pages"}],"about":[{"href":"https:\/\/dev.ouvreboite.fr\/lam\/wp-json\/wp\/v2\/types\/page"}],"author":[{"embeddable":true,"href":"https:\/\/dev.ouvreboite.fr\/lam\/wp-json\/wp\/v2\/users\/1"}],"replies":[{"embeddable":true,"href":"https:\/\/dev.ouvreboite.fr\/lam\/wp-json\/wp\/v2\/comments?post=58"}],"version-history":[{"count":10,"href":"https:\/\/dev.ouvreboite.fr\/lam\/wp-json\/wp\/v2\/pages\/58\/revisions"}],"predecessor-version":[{"id":258,"href":"https:\/\/dev.ouvreboite.fr\/lam\/wp-json\/wp\/v2\/pages\/58\/revisions\/258"}],"up":[{"embeddable":true,"href":"https:\/\/dev.ouvreboite.fr\/lam\/wp-json\/wp\/v2\/pages\/48"}],"wp:attachment":[{"href":"https:\/\/dev.ouvreboite.fr\/lam\/wp-json\/wp\/v2\/media?parent=58"}],"wp:term":[{"taxonomy":"nomequipe","embeddable":true,"href":"https:\/\/dev.ouvreboite.fr\/lam\/wp-json\/wp\/v2\/nomequipe?post=58"}],"curies":[{"name":"wp","href":"https:\/\/api.w.org\/{rel}","templated":true}]}}