{"id":54,"date":"2021-09-06T14:00:32","date_gmt":"2021-09-06T12:00:32","guid":{"rendered":"https:\/\/dev.ouvreboite.fr\/lam\/?page_id=54"},"modified":"2021-09-07T16:25:32","modified_gmt":"2021-09-07T14:25:32","slug":"organigramme","status":"publish","type":"page","link":"https:\/\/dev.ouvreboite.fr\/lam\/laboratoire\/organigramme\/","title":{"rendered":"Organigramme"},"content":{"rendered":"<p>Le LAM est organis\u00e9 autour des entit\u00e9s suivantes : \u00e9quipes scientifiques, centre de donn\u00e9es CESAM, Instrumentation sol et spatial DISS et Administration.<\/p>\n","protected":false},"excerpt":{"rendered":"<p>Le LAM est organis\u00e9 autour des entit\u00e9s suivantes : \u00e9quipes scientifiques, centre de donn\u00e9es CESAM, Instrumentation sol et spatial DISS et Administration.<\/p>\n","protected":false},"author":1,"featured_media":0,"parent":48,"menu_order":4,"comment_status":"closed","ping_status":"closed","template":"","meta":{"wp_mapbox_gl_js_media":[],"_genesis_hide_title":false,"_genesis_hide_breadcrumbs":false,"_genesis_hide_singular_image":false,"_genesis_hide_footer_widgets":false,"_genesis_custom_body_class":"","_genesis_custom_post_class":"","_genesis_layout":""},"nomequipe":[],"lang":"fr","translations":{"fr":54},"pll_sync_post":[],"_links":{"self":[{"href":"https:\/\/dev.ouvreboite.fr\/lam\/wp-json\/wp\/v2\/pages\/54"}],"collection":[{"href":"https:\/\/dev.ouvreboite.fr\/lam\/wp-json\/wp\/v2\/pages"}],"about":[{"href":"https:\/\/dev.ouvreboite.fr\/lam\/wp-json\/wp\/v2\/types\/page"}],"author":[{"embeddable":true,"href":"https:\/\/dev.ouvreboite.fr\/lam\/wp-json\/wp\/v2\/users\/1"}],"replies":[{"embeddable":true,"href":"https:\/\/dev.ouvreboite.fr\/lam\/wp-json\/wp\/v2\/comments?post=54"}],"version-history":[{"count":8,"href":"https:\/\/dev.ouvreboite.fr\/lam\/wp-json\/wp\/v2\/pages\/54\/revisions"}],"predecessor-version":[{"id":114,"href":"https:\/\/dev.ouvreboite.fr\/lam\/wp-json\/wp\/v2\/pages\/54\/revisions\/114"}],"up":[{"embeddable":true,"href":"https:\/\/dev.ouvreboite.fr\/lam\/wp-json\/wp\/v2\/pages\/48"}],"wp:attachment":[{"href":"https:\/\/dev.ouvreboite.fr\/lam\/wp-json\/wp\/v2\/media?parent=54"}],"wp:term":[{"taxonomy":"nomequipe","embeddable":true,"href":"https:\/\/dev.ouvreboite.fr\/lam\/wp-json\/wp\/v2\/nomequipe?post=54"}],"curies":[{"name":"wp","href":"https:\/\/api.w.org\/{rel}","templated":true}]}}