{"id":365,"date":"2021-09-20T22:18:02","date_gmt":"2021-09-20T20:18:02","guid":{"rendered":"https:\/\/dev.ouvreboite.fr\/lam\/?page_id=365"},"modified":"2021-09-20T22:29:22","modified_gmt":"2021-09-20T20:29:22","slug":"nanosats","status":"publish","type":"page","link":"https:\/\/dev.ouvreboite.fr\/lam\/formations\/nanosats\/","title":{"rendered":"Nanosats"},"content":{"rendered":"<p>Le Laboratoire d\u2019Astrophysique de Marseille (LAM), avec l\u2019aide du Centre National d\u2019\u00c9tudes Spatiales (CNES), a lanc\u00e9 \u00e0 la rentr\u00e9e 2012-2013 un programme de d\u00e9veloppement de Nano-satellite, r\u00e9alis\u00e9 par les \u00e9tudiants.<\/p>\n","protected":false},"excerpt":{"rendered":"<p>Le Laboratoire d\u2019Astrophysique de Marseille (LAM), avec l\u2019aide du Centre National d\u2019\u00c9tudes Spatiales (CNES), a lanc\u00e9 \u00e0 la rentr\u00e9e 2012-2013 un programme de d\u00e9veloppement de Nano-satellite, r\u00e9alis\u00e9 par les \u00e9tudiants.<\/p>\n","protected":false},"author":1,"featured_media":0,"parent":359,"menu_order":40,"comment_status":"closed","ping_status":"closed","template":"","meta":{"wp_mapbox_gl_js_media":[],"_genesis_hide_title":false,"_genesis_hide_breadcrumbs":false,"_genesis_hide_singular_image":false,"_genesis_hide_footer_widgets":false,"_genesis_custom_body_class":"","_genesis_custom_post_class":"","_genesis_layout":""},"nomequipe":[],"lang":"fr","translations":{"fr":365},"pll_sync_post":[],"_links":{"self":[{"href":"https:\/\/dev.ouvreboite.fr\/lam\/wp-json\/wp\/v2\/pages\/365"}],"collection":[{"href":"https:\/\/dev.ouvreboite.fr\/lam\/wp-json\/wp\/v2\/pages"}],"about":[{"href":"https:\/\/dev.ouvreboite.fr\/lam\/wp-json\/wp\/v2\/types\/page"}],"author":[{"embeddable":true,"href":"https:\/\/dev.ouvreboite.fr\/lam\/wp-json\/wp\/v2\/users\/1"}],"replies":[{"embeddable":true,"href":"https:\/\/dev.ouvreboite.fr\/lam\/wp-json\/wp\/v2\/comments?post=365"}],"version-history":[{"count":4,"href":"https:\/\/dev.ouvreboite.fr\/lam\/wp-json\/wp\/v2\/pages\/365\/revisions"}],"predecessor-version":[{"id":375,"href":"https:\/\/dev.ouvreboite.fr\/lam\/wp-json\/wp\/v2\/pages\/365\/revisions\/375"}],"up":[{"embeddable":true,"href":"https:\/\/dev.ouvreboite.fr\/lam\/wp-json\/wp\/v2\/pages\/359"}],"wp:attachment":[{"href":"https:\/\/dev.ouvreboite.fr\/lam\/wp-json\/wp\/v2\/media?parent=365"}],"wp:term":[{"taxonomy":"nomequipe","embeddable":true,"href":"https:\/\/dev.ouvreboite.fr\/lam\/wp-json\/wp\/v2\/nomequipe?post=365"}],"curies":[{"name":"wp","href":"https:\/\/api.w.org\/{rel}","templated":true}]}}