{"id":363,"date":"2021-09-20T22:17:25","date_gmt":"2021-09-20T20:17:25","guid":{"rendered":"https:\/\/dev.ouvreboite.fr\/lam\/?page_id=363"},"modified":"2021-09-20T22:22:45","modified_gmt":"2021-09-20T20:22:45","slug":"licence","status":"publish","type":"page","link":"https:\/\/dev.ouvreboite.fr\/lam\/formations\/licence\/","title":{"rendered":"Licence"},"content":{"rendered":"<p>Des Enseignants-Chercheurs du LAM animent des unit\u00e9s d\u2019enseignement en premi\u00e8re et troisi\u00e8me ann\u00e9e de Licence pour les \u00e9tudiants de l\u2019Universit\u00e9 de Provence<\/p>\n","protected":false},"excerpt":{"rendered":"<p>Des Enseignants-Chercheurs du LAM animent des unit\u00e9s d\u2019enseignement en premi\u00e8re et troisi\u00e8me ann\u00e9e de Licence pour les \u00e9tudiants de l\u2019Universit\u00e9 de Provence<\/p>\n","protected":false},"author":1,"featured_media":0,"parent":359,"menu_order":38,"comment_status":"closed","ping_status":"closed","template":"","meta":{"wp_mapbox_gl_js_media":[],"_genesis_hide_title":false,"_genesis_hide_breadcrumbs":false,"_genesis_hide_singular_image":false,"_genesis_hide_footer_widgets":false,"_genesis_custom_body_class":"","_genesis_custom_post_class":"","_genesis_layout":""},"nomequipe":[],"lang":"fr","translations":{"fr":363},"pll_sync_post":[],"_links":{"self":[{"href":"https:\/\/dev.ouvreboite.fr\/lam\/wp-json\/wp\/v2\/pages\/363"}],"collection":[{"href":"https:\/\/dev.ouvreboite.fr\/lam\/wp-json\/wp\/v2\/pages"}],"about":[{"href":"https:\/\/dev.ouvreboite.fr\/lam\/wp-json\/wp\/v2\/types\/page"}],"author":[{"embeddable":true,"href":"https:\/\/dev.ouvreboite.fr\/lam\/wp-json\/wp\/v2\/users\/1"}],"replies":[{"embeddable":true,"href":"https:\/\/dev.ouvreboite.fr\/lam\/wp-json\/wp\/v2\/comments?post=363"}],"version-history":[{"count":2,"href":"https:\/\/dev.ouvreboite.fr\/lam\/wp-json\/wp\/v2\/pages\/363\/revisions"}],"predecessor-version":[{"id":371,"href":"https:\/\/dev.ouvreboite.fr\/lam\/wp-json\/wp\/v2\/pages\/363\/revisions\/371"}],"up":[{"embeddable":true,"href":"https:\/\/dev.ouvreboite.fr\/lam\/wp-json\/wp\/v2\/pages\/359"}],"wp:attachment":[{"href":"https:\/\/dev.ouvreboite.fr\/lam\/wp-json\/wp\/v2\/media?parent=363"}],"wp:term":[{"taxonomy":"nomequipe","embeddable":true,"href":"https:\/\/dev.ouvreboite.fr\/lam\/wp-json\/wp\/v2\/nomequipe?post=363"}],"curies":[{"name":"wp","href":"https:\/\/api.w.org\/{rel}","templated":true}]}}