{"id":361,"date":"2021-09-20T22:17:07","date_gmt":"2021-09-20T20:17:07","guid":{"rendered":"https:\/\/dev.ouvreboite.fr\/lam\/?page_id=361"},"modified":"2021-09-20T22:24:58","modified_gmt":"2021-09-20T20:24:58","slug":"master","status":"publish","type":"page","link":"https:\/\/dev.ouvreboite.fr\/lam\/formations\/master\/","title":{"rendered":"Master"},"content":{"rendered":"<p>La formation en Astrophysique est dispens\u00e9e au sein du Master de Physique dans un parcours international M1 et M2 centr\u00e9 sur les sciences de l\u2019espace, le MASTER SPaCE.<br \/>\nCe master s\u2019adressera aux \u00e9tudiants d\u00e9sirant acqu\u00e9rir une solide formation en physique et \u00e9tudier l\u2019astrophysique.<\/p>\n","protected":false},"excerpt":{"rendered":"<p>La formation en Astrophysique est dispens\u00e9e au sein du Master de Physique dans un parcours international M1 et M2 centr\u00e9 sur les sciences de l\u2019espace, le MASTER SPaCE. Ce master [&hellip;]<\/p>\n","protected":false},"author":1,"featured_media":0,"parent":359,"menu_order":39,"comment_status":"closed","ping_status":"closed","template":"","meta":{"wp_mapbox_gl_js_media":[],"_genesis_hide_title":false,"_genesis_hide_breadcrumbs":false,"_genesis_hide_singular_image":false,"_genesis_hide_footer_widgets":false,"_genesis_custom_body_class":"","_genesis_custom_post_class":"","_genesis_layout":""},"nomequipe":[],"lang":"fr","translations":{"fr":361},"pll_sync_post":[],"_links":{"self":[{"href":"https:\/\/dev.ouvreboite.fr\/lam\/wp-json\/wp\/v2\/pages\/361"}],"collection":[{"href":"https:\/\/dev.ouvreboite.fr\/lam\/wp-json\/wp\/v2\/pages"}],"about":[{"href":"https:\/\/dev.ouvreboite.fr\/lam\/wp-json\/wp\/v2\/types\/page"}],"author":[{"embeddable":true,"href":"https:\/\/dev.ouvreboite.fr\/lam\/wp-json\/wp\/v2\/users\/1"}],"replies":[{"embeddable":true,"href":"https:\/\/dev.ouvreboite.fr\/lam\/wp-json\/wp\/v2\/comments?post=361"}],"version-history":[{"count":2,"href":"https:\/\/dev.ouvreboite.fr\/lam\/wp-json\/wp\/v2\/pages\/361\/revisions"}],"predecessor-version":[{"id":372,"href":"https:\/\/dev.ouvreboite.fr\/lam\/wp-json\/wp\/v2\/pages\/361\/revisions\/372"}],"up":[{"embeddable":true,"href":"https:\/\/dev.ouvreboite.fr\/lam\/wp-json\/wp\/v2\/pages\/359"}],"wp:attachment":[{"href":"https:\/\/dev.ouvreboite.fr\/lam\/wp-json\/wp\/v2\/media?parent=361"}],"wp:term":[{"taxonomy":"nomequipe","embeddable":true,"href":"https:\/\/dev.ouvreboite.fr\/lam\/wp-json\/wp\/v2\/nomequipe?post=361"}],"curies":[{"name":"wp","href":"https:\/\/api.w.org\/{rel}","templated":true}]}}