{"id":282,"date":"2021-09-19T21:32:35","date_gmt":"2021-09-19T19:32:35","guid":{"rendered":"https:\/\/dev.ouvreboite.fr\/lam\/?page_id=282"},"modified":"2021-09-23T16:26:55","modified_gmt":"2021-09-23T14:26:55","slug":"profils-des-postes-chercheurs","status":"publish","type":"page","link":"https:\/\/dev.ouvreboite.fr\/lam\/recrutement\/profils-des-postes-chercheurs\/","title":{"rendered":"Profils des postes chercheurs"},"content":{"rendered":"<p>Dans le cadre des concours nationaux, le LAM recherche des scientifiques ayant un profil s\u2019inscrivant dans ses activit\u00e9s. Les personnes souhaitant avoir de plus amples renseignements peuvent naturellement contacter les responsables des p\u00f4les scientifiques concern\u00e9s.<\/p>\n","protected":false},"excerpt":{"rendered":"<p>Dans le cadre des concours nationaux, le LAM recherche des scientifiques ayant un profil s\u2019inscrivant dans ses activit\u00e9s. Les personnes souhaitant avoir de plus amples renseignements peuvent naturellement contacter les [&hellip;]<\/p>\n","protected":false},"author":1,"featured_media":0,"parent":272,"menu_order":35,"comment_status":"closed","ping_status":"closed","template":"page-templates\/recrutement-profils.php","meta":{"wp_mapbox_gl_js_media":[],"_genesis_hide_title":false,"_genesis_hide_breadcrumbs":false,"_genesis_hide_singular_image":false,"_genesis_hide_footer_widgets":false,"_genesis_custom_body_class":"","_genesis_custom_post_class":"","_genesis_layout":""},"nomequipe":[],"lang":"fr","translations":{"fr":282},"pll_sync_post":[],"_links":{"self":[{"href":"https:\/\/dev.ouvreboite.fr\/lam\/wp-json\/wp\/v2\/pages\/282"}],"collection":[{"href":"https:\/\/dev.ouvreboite.fr\/lam\/wp-json\/wp\/v2\/pages"}],"about":[{"href":"https:\/\/dev.ouvreboite.fr\/lam\/wp-json\/wp\/v2\/types\/page"}],"author":[{"embeddable":true,"href":"https:\/\/dev.ouvreboite.fr\/lam\/wp-json\/wp\/v2\/users\/1"}],"replies":[{"embeddable":true,"href":"https:\/\/dev.ouvreboite.fr\/lam\/wp-json\/wp\/v2\/comments?post=282"}],"version-history":[{"count":6,"href":"https:\/\/dev.ouvreboite.fr\/lam\/wp-json\/wp\/v2\/pages\/282\/revisions"}],"predecessor-version":[{"id":329,"href":"https:\/\/dev.ouvreboite.fr\/lam\/wp-json\/wp\/v2\/pages\/282\/revisions\/329"}],"up":[{"embeddable":true,"href":"https:\/\/dev.ouvreboite.fr\/lam\/wp-json\/wp\/v2\/pages\/272"}],"wp:attachment":[{"href":"https:\/\/dev.ouvreboite.fr\/lam\/wp-json\/wp\/v2\/media?parent=282"}],"wp:term":[{"taxonomy":"nomequipe","embeddable":true,"href":"https:\/\/dev.ouvreboite.fr\/lam\/wp-json\/wp\/v2\/nomequipe?post=282"}],"curies":[{"name":"wp","href":"https:\/\/api.w.org\/{rel}","templated":true}]}}