{"id":280,"date":"2021-09-19T21:32:00","date_gmt":"2021-09-19T19:32:00","guid":{"rendered":"https:\/\/dev.ouvreboite.fr\/lam\/?page_id=280"},"modified":"2021-09-20T22:02:04","modified_gmt":"2021-09-20T20:02:04","slug":"stages","status":"publish","type":"page","link":"https:\/\/dev.ouvreboite.fr\/lam\/recrutement\/stages\/","title":{"rendered":"Stages"},"content":{"rendered":"<p>Le LAM accueille \u00e9tudiants et scolaires \u00e0 tous les niveaux de formation, pour faire d\u00e9couvrir et participer aux m\u00e9tiers autour de l\u2019astrophysique<\/p>\n","protected":false},"excerpt":{"rendered":"<p>Le LAM accueille \u00e9tudiants et scolaires \u00e0 tous les niveaux de formation, pour faire d\u00e9couvrir et participer aux m\u00e9tiers autour de l\u2019astrophysique<\/p>\n","protected":false},"author":1,"featured_media":0,"parent":272,"menu_order":36,"comment_status":"closed","ping_status":"closed","template":"","meta":{"wp_mapbox_gl_js_media":[],"_genesis_hide_title":false,"_genesis_hide_breadcrumbs":false,"_genesis_hide_singular_image":false,"_genesis_hide_footer_widgets":false,"_genesis_custom_body_class":"","_genesis_custom_post_class":"","_genesis_layout":""},"nomequipe":[],"lang":"fr","translations":{"fr":280},"pll_sync_post":[],"_links":{"self":[{"href":"https:\/\/dev.ouvreboite.fr\/lam\/wp-json\/wp\/v2\/pages\/280"}],"collection":[{"href":"https:\/\/dev.ouvreboite.fr\/lam\/wp-json\/wp\/v2\/pages"}],"about":[{"href":"https:\/\/dev.ouvreboite.fr\/lam\/wp-json\/wp\/v2\/types\/page"}],"author":[{"embeddable":true,"href":"https:\/\/dev.ouvreboite.fr\/lam\/wp-json\/wp\/v2\/users\/1"}],"replies":[{"embeddable":true,"href":"https:\/\/dev.ouvreboite.fr\/lam\/wp-json\/wp\/v2\/comments?post=280"}],"version-history":[{"count":7,"href":"https:\/\/dev.ouvreboite.fr\/lam\/wp-json\/wp\/v2\/pages\/280\/revisions"}],"predecessor-version":[{"id":357,"href":"https:\/\/dev.ouvreboite.fr\/lam\/wp-json\/wp\/v2\/pages\/280\/revisions\/357"}],"up":[{"embeddable":true,"href":"https:\/\/dev.ouvreboite.fr\/lam\/wp-json\/wp\/v2\/pages\/272"}],"wp:attachment":[{"href":"https:\/\/dev.ouvreboite.fr\/lam\/wp-json\/wp\/v2\/media?parent=280"}],"wp:term":[{"taxonomy":"nomequipe","embeddable":true,"href":"https:\/\/dev.ouvreboite.fr\/lam\/wp-json\/wp\/v2\/nomequipe?post=280"}],"curies":[{"name":"wp","href":"https:\/\/api.w.org\/{rel}","templated":true}]}}