{"id":243,"date":"2021-09-17T11:27:42","date_gmt":"2021-09-17T09:27:42","guid":{"rendered":"https:\/\/dev.ouvreboite.fr\/lam\/?page_id=243"},"modified":"2021-09-21T11:52:07","modified_gmt":"2021-09-21T09:52:07","slug":"missions","status":"publish","type":"page","link":"https:\/\/dev.ouvreboite.fr\/lam\/donnees\/missions\/","title":{"rendered":"Missions"},"content":{"rendered":"<p>Les missions du CeSAM sont multiples et directement li\u00e9es aux projets. Toutefois le centre de donn\u00e9es se doit de mettre en exergue la possibilit\u00e9 de couvrir la totalit\u00e9 des cha\u00eenes de traitement de l\u2019information.<br \/>\nIl fournit un soutien scientifique, technique et humain :<br \/>\nLes personnels du CeSAM travaillent en \u00e9troite collaboration avec les scientifiques du LAM impliqu\u00e9s dans les projets d\u2019une part et les services d\u2019observation d\u2019autre part.<\/p>\n<p>Il apporte ses comp\u00e9tences :<br \/>\n&#8211; A tous les d\u00e9veloppements informatiques n\u00e9cessaires au retour scientifique des projets de recherche prioritaires du laboratoire, depuis le traitement des donn\u00e9es jusqu\u2019aux syst\u00e8mes d\u2019information permettant de mettre \u00e0 disposition les produits finis du projet.<br \/>\n&#8211; Aux services d\u2019observation, d\u00e9finis par le laboratoire et les tutelles, et essentiellement pilot\u00e9s par les Astronomes et les Astronomes-Adjoints.<\/p>\n<p>Le CeSAM s\u2019articule en 4 p\u00f4les de comp\u00e9tences.<\/p>\n","protected":false},"excerpt":{"rendered":"<p>Les missions du CeSAM sont multiples et directement li\u00e9es aux projets. Toutefois le centre de donn\u00e9es se doit de mettre en exergue la possibilit\u00e9 de couvrir la totalit\u00e9 des cha\u00eenes [&hellip;]<\/p>\n","protected":false},"author":1,"featured_media":0,"parent":194,"menu_order":21,"comment_status":"closed","ping_status":"closed","template":"","meta":{"wp_mapbox_gl_js_media":[],"_genesis_hide_title":false,"_genesis_hide_breadcrumbs":false,"_genesis_hide_singular_image":false,"_genesis_hide_footer_widgets":false,"_genesis_custom_body_class":"","_genesis_custom_post_class":"","_genesis_layout":""},"nomequipe":[],"lang":"fr","translations":{"fr":243},"pll_sync_post":[],"_links":{"self":[{"href":"https:\/\/dev.ouvreboite.fr\/lam\/wp-json\/wp\/v2\/pages\/243"}],"collection":[{"href":"https:\/\/dev.ouvreboite.fr\/lam\/wp-json\/wp\/v2\/pages"}],"about":[{"href":"https:\/\/dev.ouvreboite.fr\/lam\/wp-json\/wp\/v2\/types\/page"}],"author":[{"embeddable":true,"href":"https:\/\/dev.ouvreboite.fr\/lam\/wp-json\/wp\/v2\/users\/1"}],"replies":[{"embeddable":true,"href":"https:\/\/dev.ouvreboite.fr\/lam\/wp-json\/wp\/v2\/comments?post=243"}],"version-history":[{"count":4,"href":"https:\/\/dev.ouvreboite.fr\/lam\/wp-json\/wp\/v2\/pages\/243\/revisions"}],"predecessor-version":[{"id":384,"href":"https:\/\/dev.ouvreboite.fr\/lam\/wp-json\/wp\/v2\/pages\/243\/revisions\/384"}],"up":[{"embeddable":true,"href":"https:\/\/dev.ouvreboite.fr\/lam\/wp-json\/wp\/v2\/pages\/194"}],"wp:attachment":[{"href":"https:\/\/dev.ouvreboite.fr\/lam\/wp-json\/wp\/v2\/media?parent=243"}],"wp:term":[{"taxonomy":"nomequipe","embeddable":true,"href":"https:\/\/dev.ouvreboite.fr\/lam\/wp-json\/wp\/v2\/nomequipe?post=243"}],"curies":[{"name":"wp","href":"https:\/\/api.w.org\/{rel}","templated":true}]}}