{"id":228,"date":"2021-09-17T10:29:01","date_gmt":"2021-09-17T08:29:01","guid":{"rendered":"https:\/\/dev.ouvreboite.fr\/lam\/?page_id=228"},"modified":"2021-09-17T10:35:42","modified_gmt":"2021-09-17T08:35:42","slug":"services-dobservation","status":"publish","type":"page","link":"https:\/\/dev.ouvreboite.fr\/lam\/donnees\/services-dobservation\/","title":{"rendered":"Services d&rsquo;observation"},"content":{"rendered":"<p>Cette section d\u00e9crit les services d\u2019observation SO5 &#8211; en cours de validation par l\u2019INSU -(mise \u00e0 disposition de donn\u00e9es \u00e0 valeur ajout\u00e9e) sur lesquels le CeSAM intervient.<\/p>\n","protected":false},"excerpt":{"rendered":"<p>Cette section d\u00e9crit les services d\u2019observation SO5 &#8211; en cours de validation par l\u2019INSU -(mise \u00e0 disposition de donn\u00e9es \u00e0 valeur ajout\u00e9e) sur lesquels le CeSAM intervient.<\/p>\n","protected":false},"author":1,"featured_media":0,"parent":194,"menu_order":29,"comment_status":"closed","ping_status":"closed","template":"","meta":{"wp_mapbox_gl_js_media":[],"_genesis_hide_title":false,"_genesis_hide_breadcrumbs":false,"_genesis_hide_singular_image":false,"_genesis_hide_footer_widgets":false,"_genesis_custom_body_class":"","_genesis_custom_post_class":"","_genesis_layout":""},"nomequipe":[],"lang":"fr","translations":{"fr":228},"pll_sync_post":[],"_links":{"self":[{"href":"https:\/\/dev.ouvreboite.fr\/lam\/wp-json\/wp\/v2\/pages\/228"}],"collection":[{"href":"https:\/\/dev.ouvreboite.fr\/lam\/wp-json\/wp\/v2\/pages"}],"about":[{"href":"https:\/\/dev.ouvreboite.fr\/lam\/wp-json\/wp\/v2\/types\/page"}],"author":[{"embeddable":true,"href":"https:\/\/dev.ouvreboite.fr\/lam\/wp-json\/wp\/v2\/users\/1"}],"replies":[{"embeddable":true,"href":"https:\/\/dev.ouvreboite.fr\/lam\/wp-json\/wp\/v2\/comments?post=228"}],"version-history":[{"count":2,"href":"https:\/\/dev.ouvreboite.fr\/lam\/wp-json\/wp\/v2\/pages\/228\/revisions"}],"predecessor-version":[{"id":232,"href":"https:\/\/dev.ouvreboite.fr\/lam\/wp-json\/wp\/v2\/pages\/228\/revisions\/232"}],"up":[{"embeddable":true,"href":"https:\/\/dev.ouvreboite.fr\/lam\/wp-json\/wp\/v2\/pages\/194"}],"wp:attachment":[{"href":"https:\/\/dev.ouvreboite.fr\/lam\/wp-json\/wp\/v2\/media?parent=228"}],"wp:term":[{"taxonomy":"nomequipe","embeddable":true,"href":"https:\/\/dev.ouvreboite.fr\/lam\/wp-json\/wp\/v2\/nomequipe?post=228"}],"curies":[{"name":"wp","href":"https:\/\/api.w.org\/{rel}","templated":true}]}}