{"id":226,"date":"2021-09-17T10:28:33","date_gmt":"2021-09-17T08:28:33","guid":{"rendered":"https:\/\/dev.ouvreboite.fr\/lam\/?page_id=226"},"modified":"2021-09-17T10:39:19","modified_gmt":"2021-09-17T08:39:19","slug":"solutions-logicielles","status":"publish","type":"page","link":"https:\/\/dev.ouvreboite.fr\/lam\/donnees\/solutions-logicielles\/","title":{"rendered":"Solutions logicielles"},"content":{"rendered":"<p>Le CeSAM met \u00e0 la disposition de la communaut\u00e9 scientifique des outils de traitement de donn\u00e9es et de visualisation compatibles avec les standards de l\u2019Observatoire Virtuel.<\/p>\n","protected":false},"excerpt":{"rendered":"<p>Le CeSAM met \u00e0 la disposition de la communaut\u00e9 scientifique des outils de traitement de donn\u00e9es et de visualisation compatibles avec les standards de l\u2019Observatoire Virtuel.<\/p>\n","protected":false},"author":1,"featured_media":0,"parent":194,"menu_order":28,"comment_status":"closed","ping_status":"closed","template":"","meta":{"wp_mapbox_gl_js_media":[],"_genesis_hide_title":false,"_genesis_hide_breadcrumbs":false,"_genesis_hide_singular_image":false,"_genesis_hide_footer_widgets":false,"_genesis_custom_body_class":"","_genesis_custom_post_class":"","_genesis_layout":""},"nomequipe":[],"lang":"fr","translations":{"fr":226},"pll_sync_post":[],"_links":{"self":[{"href":"https:\/\/dev.ouvreboite.fr\/lam\/wp-json\/wp\/v2\/pages\/226"}],"collection":[{"href":"https:\/\/dev.ouvreboite.fr\/lam\/wp-json\/wp\/v2\/pages"}],"about":[{"href":"https:\/\/dev.ouvreboite.fr\/lam\/wp-json\/wp\/v2\/types\/page"}],"author":[{"embeddable":true,"href":"https:\/\/dev.ouvreboite.fr\/lam\/wp-json\/wp\/v2\/users\/1"}],"replies":[{"embeddable":true,"href":"https:\/\/dev.ouvreboite.fr\/lam\/wp-json\/wp\/v2\/comments?post=226"}],"version-history":[{"count":3,"href":"https:\/\/dev.ouvreboite.fr\/lam\/wp-json\/wp\/v2\/pages\/226\/revisions"}],"predecessor-version":[{"id":234,"href":"https:\/\/dev.ouvreboite.fr\/lam\/wp-json\/wp\/v2\/pages\/226\/revisions\/234"}],"up":[{"embeddable":true,"href":"https:\/\/dev.ouvreboite.fr\/lam\/wp-json\/wp\/v2\/pages\/194"}],"wp:attachment":[{"href":"https:\/\/dev.ouvreboite.fr\/lam\/wp-json\/wp\/v2\/media?parent=226"}],"wp:term":[{"taxonomy":"nomequipe","embeddable":true,"href":"https:\/\/dev.ouvreboite.fr\/lam\/wp-json\/wp\/v2\/nomequipe?post=226"}],"curies":[{"name":"wp","href":"https:\/\/api.w.org\/{rel}","templated":true}]}}