{"id":224,"date":"2021-09-17T10:28:06","date_gmt":"2021-09-17T08:28:06","guid":{"rendered":"https:\/\/dev.ouvreboite.fr\/lam\/?page_id=224"},"modified":"2021-09-17T10:41:08","modified_gmt":"2021-09-17T08:41:08","slug":"bases-de-donnees","status":"publish","type":"page","link":"https:\/\/dev.ouvreboite.fr\/lam\/donnees\/bases-de-donnees\/","title":{"rendered":"Bases de donn\u00e9es"},"content":{"rendered":"<p>Le CeSAM administre et maintient les bases de donn\u00e9es de diff\u00e9rents grands sondages (VVDS, VUDS, HST-COSMOS, ExoDat, HeDaM, \u2026).<br \/>\nPour faciliter et standardiser l\u2019acc\u00e8s \u00e0 ces donn\u00e9es, nous avons d\u00e9velopp\u00e9 ANIS, un outils web g\u00e9n\u00e9rique de mise \u00e0 disposition de donn\u00e9es photo-spectroscopiques.<\/p>\n","protected":false},"excerpt":{"rendered":"<p>Le CeSAM administre et maintient les bases de donn\u00e9es de diff\u00e9rents grands sondages (VVDS, VUDS, HST-COSMOS, ExoDat, HeDaM, \u2026). Pour faciliter et standardiser l\u2019acc\u00e8s \u00e0 ces donn\u00e9es, nous avons d\u00e9velopp\u00e9 [&hellip;]<\/p>\n","protected":false},"author":1,"featured_media":0,"parent":194,"menu_order":27,"comment_status":"closed","ping_status":"closed","template":"","meta":{"wp_mapbox_gl_js_media":[],"_genesis_hide_title":false,"_genesis_hide_breadcrumbs":false,"_genesis_hide_singular_image":false,"_genesis_hide_footer_widgets":false,"_genesis_custom_body_class":"","_genesis_custom_post_class":"","_genesis_layout":""},"nomequipe":[],"lang":"fr","translations":{"fr":224},"pll_sync_post":[],"_links":{"self":[{"href":"https:\/\/dev.ouvreboite.fr\/lam\/wp-json\/wp\/v2\/pages\/224"}],"collection":[{"href":"https:\/\/dev.ouvreboite.fr\/lam\/wp-json\/wp\/v2\/pages"}],"about":[{"href":"https:\/\/dev.ouvreboite.fr\/lam\/wp-json\/wp\/v2\/types\/page"}],"author":[{"embeddable":true,"href":"https:\/\/dev.ouvreboite.fr\/lam\/wp-json\/wp\/v2\/users\/1"}],"replies":[{"embeddable":true,"href":"https:\/\/dev.ouvreboite.fr\/lam\/wp-json\/wp\/v2\/comments?post=224"}],"version-history":[{"count":2,"href":"https:\/\/dev.ouvreboite.fr\/lam\/wp-json\/wp\/v2\/pages\/224\/revisions"}],"predecessor-version":[{"id":235,"href":"https:\/\/dev.ouvreboite.fr\/lam\/wp-json\/wp\/v2\/pages\/224\/revisions\/235"}],"up":[{"embeddable":true,"href":"https:\/\/dev.ouvreboite.fr\/lam\/wp-json\/wp\/v2\/pages\/194"}],"wp:attachment":[{"href":"https:\/\/dev.ouvreboite.fr\/lam\/wp-json\/wp\/v2\/media?parent=224"}],"wp:term":[{"taxonomy":"nomequipe","embeddable":true,"href":"https:\/\/dev.ouvreboite.fr\/lam\/wp-json\/wp\/v2\/nomequipe?post=224"}],"curies":[{"name":"wp","href":"https:\/\/api.w.org\/{rel}","templated":true}]}}