{"id":194,"date":"2021-09-15T14:09:51","date_gmt":"2021-09-15T12:09:51","guid":{"rendered":"https:\/\/dev.ouvreboite.fr\/lam\/?page_id=194"},"modified":"2021-09-23T16:32:22","modified_gmt":"2021-09-23T14:32:22","slug":"donnees","status":"publish","type":"page","link":"https:\/\/dev.ouvreboite.fr\/lam\/donnees\/","title":{"rendered":"Donn\u00e9es"},"content":{"rendered":"<p><strong>Le Laboratoire d\u2019Astrophysique de Marseille a regroup\u00e9 toutes ses activit\u00e9s li\u00e9es \u00e0 l\u2019Informatique Scientifique au sein du Centre de donn\u00e9eS Astrophysiques de Marseille (CeSAM). Celui-ci propose des solutions de d\u00e9veloppement logiciels, WEB, Bases de donn\u00e9es, simulations num\u00e9riques, traitement d\u2019images et r\u00e9alise des outils compatibles avec les standards de l\u2019Observatoire Virtuel.<\/strong><\/p>\n","protected":false},"excerpt":{"rendered":"<p>Le Laboratoire d\u2019Astrophysique de Marseille a regroup\u00e9 toutes ses activit\u00e9s li\u00e9es \u00e0 l\u2019Informatique Scientifique au sein du Centre de donn\u00e9eS Astrophysiques de Marseille (CeSAM). Celui-ci propose des solutions de d\u00e9veloppement [&hellip;]<\/p>\n","protected":false},"author":1,"featured_media":0,"parent":0,"menu_order":20,"comment_status":"closed","ping_status":"closed","template":"","meta":{"wp_mapbox_gl_js_media":[],"_genesis_hide_title":false,"_genesis_hide_breadcrumbs":false,"_genesis_hide_singular_image":false,"_genesis_hide_footer_widgets":false,"_genesis_custom_body_class":"","_genesis_custom_post_class":"","_genesis_layout":""},"nomequipe":[],"lang":"fr","translations":{"fr":194},"pll_sync_post":[],"_links":{"self":[{"href":"https:\/\/dev.ouvreboite.fr\/lam\/wp-json\/wp\/v2\/pages\/194"}],"collection":[{"href":"https:\/\/dev.ouvreboite.fr\/lam\/wp-json\/wp\/v2\/pages"}],"about":[{"href":"https:\/\/dev.ouvreboite.fr\/lam\/wp-json\/wp\/v2\/types\/page"}],"author":[{"embeddable":true,"href":"https:\/\/dev.ouvreboite.fr\/lam\/wp-json\/wp\/v2\/users\/1"}],"replies":[{"embeddable":true,"href":"https:\/\/dev.ouvreboite.fr\/lam\/wp-json\/wp\/v2\/comments?post=194"}],"version-history":[{"count":4,"href":"https:\/\/dev.ouvreboite.fr\/lam\/wp-json\/wp\/v2\/pages\/194\/revisions"}],"predecessor-version":[{"id":434,"href":"https:\/\/dev.ouvreboite.fr\/lam\/wp-json\/wp\/v2\/pages\/194\/revisions\/434"}],"wp:attachment":[{"href":"https:\/\/dev.ouvreboite.fr\/lam\/wp-json\/wp\/v2\/media?parent=194"}],"wp:term":[{"taxonomy":"nomequipe","embeddable":true,"href":"https:\/\/dev.ouvreboite.fr\/lam\/wp-json\/wp\/v2\/nomequipe?post=194"}],"curies":[{"name":"wp","href":"https:\/\/api.w.org\/{rel}","templated":true}]}}