{"id":179,"date":"2021-09-15T11:13:51","date_gmt":"2021-09-15T09:13:51","guid":{"rendered":"https:\/\/dev.ouvreboite.fr\/lam\/?page_id=179"},"modified":"2021-09-15T11:28:21","modified_gmt":"2021-09-15T09:28:21","slug":"centre-spatial-ait-aiv","status":"publish","type":"page","link":"https:\/\/dev.ouvreboite.fr\/lam\/plateformes\/centre-spatial-ait-aiv\/","title":{"rendered":"Centre Spatial AIT\/AIV"},"content":{"rendered":"<p>Le Centre Spatial AIT\/AIV regroupe les moyens pour les assemblages (Moyens m\u00e9caniques, m\u00e9trologie 3D), les int\u00e9grations (\u00c9quipement des salles propres d\u2019int\u00e9gration, instrumentation \u00e9lectronique), les tests\/recette\/qualification (M\u00e9trologie optique, mesures de transmission et r\u00e9flexion, moyens de vibration, cuves \u00e0 vide : cryog\u00e9nie, table optique stabilis\u00e9e) et les \u00e9talonnages (bancs optiques : 0.8, 6 et 40 m3, spectroscopie infrarouge).<\/p>\n","protected":false},"excerpt":{"rendered":"<p>Le Centre Spatial AIT\/AIV regroupe les moyens pour les assemblages (Moyens m\u00e9caniques, m\u00e9trologie 3D), les int\u00e9grations (\u00c9quipement des salles propres d\u2019int\u00e9gration, instrumentation \u00e9lectronique), les tests\/recette\/qualification (M\u00e9trologie optique, mesures de transmission [&hellip;]<\/p>\n","protected":false},"author":1,"featured_media":0,"parent":177,"menu_order":18,"comment_status":"closed","ping_status":"closed","template":"","meta":{"wp_mapbox_gl_js_media":[],"_genesis_hide_title":false,"_genesis_hide_breadcrumbs":false,"_genesis_hide_singular_image":false,"_genesis_hide_footer_widgets":false,"_genesis_custom_body_class":"","_genesis_custom_post_class":"","_genesis_layout":""},"nomequipe":[],"lang":"fr","translations":{"fr":179},"pll_sync_post":[],"_links":{"self":[{"href":"https:\/\/dev.ouvreboite.fr\/lam\/wp-json\/wp\/v2\/pages\/179"}],"collection":[{"href":"https:\/\/dev.ouvreboite.fr\/lam\/wp-json\/wp\/v2\/pages"}],"about":[{"href":"https:\/\/dev.ouvreboite.fr\/lam\/wp-json\/wp\/v2\/types\/page"}],"author":[{"embeddable":true,"href":"https:\/\/dev.ouvreboite.fr\/lam\/wp-json\/wp\/v2\/users\/1"}],"replies":[{"embeddable":true,"href":"https:\/\/dev.ouvreboite.fr\/lam\/wp-json\/wp\/v2\/comments?post=179"}],"version-history":[{"count":8,"href":"https:\/\/dev.ouvreboite.fr\/lam\/wp-json\/wp\/v2\/pages\/179\/revisions"}],"predecessor-version":[{"id":191,"href":"https:\/\/dev.ouvreboite.fr\/lam\/wp-json\/wp\/v2\/pages\/179\/revisions\/191"}],"up":[{"embeddable":true,"href":"https:\/\/dev.ouvreboite.fr\/lam\/wp-json\/wp\/v2\/pages\/177"}],"wp:attachment":[{"href":"https:\/\/dev.ouvreboite.fr\/lam\/wp-json\/wp\/v2\/media?parent=179"}],"wp:term":[{"taxonomy":"nomequipe","embeddable":true,"href":"https:\/\/dev.ouvreboite.fr\/lam\/wp-json\/wp\/v2\/nomequipe?post=179"}],"curies":[{"name":"wp","href":"https:\/\/api.w.org\/{rel}","templated":true}]}}