{"id":177,"date":"2021-09-15T11:12:31","date_gmt":"2021-09-15T09:12:31","guid":{"rendered":"https:\/\/dev.ouvreboite.fr\/lam\/?page_id=177"},"modified":"2021-09-21T15:16:20","modified_gmt":"2021-09-21T13:16:20","slug":"plateformes","status":"publish","type":"page","link":"https:\/\/dev.ouvreboite.fr\/lam\/plateformes\/","title":{"rendered":"Plateformes"},"content":{"rendered":"<p><strong>Le LAM est \u00e9quip\u00e9 d\u2019une plateforme technique regroupant :<br \/>\n<\/strong>&#8211; Le centre de polissage robotis\u00e9 <strong>POLARIS<\/strong>. Conception, r\u00e9alisation robotis\u00e9e par polissage sous contrainte, et tests de grandes pi\u00e8ces optiques tr\u00e8s asph\u00e9riques (jusqu\u2019\u00e0 2,5 m de diam\u00e8tre).<br \/>\n&#8211; Le centre <strong>SPATIAL AIT\/AIV<\/strong>. 940 m2 de salles class\u00e9s (ISO5,7, et 8) pour l\u2019assemblage, l\u2019int\u00e9gration, les tests et \u00e9talonnage de composants et instruments \u00e0 coeur opto-m\u00e9canique dans le domaine UV-visible-IR, en environnement spatial (cuves pour vide optique jusqu\u2019\u00e0 50m3).<\/p>\n<p>Ces moyens sont dimensionn\u00e9s pour les grands projets de nos jours, en particulier la mission spatiale EUCLID de l\u2019ESA, et le futur tr\u00e8s grand t\u00e9lescope Europ\u00e9en ELT de l\u2019ESO.<br \/>\nCes moyens ont \u00e9t\u00e9 con\u00e7us pour \u00eatre mutualis\u00e9s, ouverts \u00e0 l\u2019utilisation des \u00e9quipes en interne au LAM, aux laboratoires partenaires, ainsi qu\u2019\u00e0 tout laboratoire de recherche, agence (CNES, ESA, ESO, \u2026), ou entreprise int\u00e9ress\u00e9e par ce type de moyens.<\/p>\n","protected":false},"excerpt":{"rendered":"<p>Le LAM est \u00e9quip\u00e9 d\u2019une plateforme technique regroupant : &#8211; Le centre de polissage robotis\u00e9 POLARIS. Conception, r\u00e9alisation robotis\u00e9e par polissage sous contrainte, et tests de grandes pi\u00e8ces optiques tr\u00e8s [&hellip;]<\/p>\n","protected":false},"author":1,"featured_media":0,"parent":0,"menu_order":17,"comment_status":"closed","ping_status":"closed","template":"page-templates\/list-card-souspages.php","meta":{"wp_mapbox_gl_js_media":[],"_genesis_hide_title":false,"_genesis_hide_breadcrumbs":false,"_genesis_hide_singular_image":false,"_genesis_hide_footer_widgets":false,"_genesis_custom_body_class":"","_genesis_custom_post_class":"","_genesis_layout":""},"nomequipe":[],"lang":"fr","translations":{"fr":177},"pll_sync_post":[],"_links":{"self":[{"href":"https:\/\/dev.ouvreboite.fr\/lam\/wp-json\/wp\/v2\/pages\/177"}],"collection":[{"href":"https:\/\/dev.ouvreboite.fr\/lam\/wp-json\/wp\/v2\/pages"}],"about":[{"href":"https:\/\/dev.ouvreboite.fr\/lam\/wp-json\/wp\/v2\/types\/page"}],"author":[{"embeddable":true,"href":"https:\/\/dev.ouvreboite.fr\/lam\/wp-json\/wp\/v2\/users\/1"}],"replies":[{"embeddable":true,"href":"https:\/\/dev.ouvreboite.fr\/lam\/wp-json\/wp\/v2\/comments?post=177"}],"version-history":[{"count":4,"href":"https:\/\/dev.ouvreboite.fr\/lam\/wp-json\/wp\/v2\/pages\/177\/revisions"}],"predecessor-version":[{"id":259,"href":"https:\/\/dev.ouvreboite.fr\/lam\/wp-json\/wp\/v2\/pages\/177\/revisions\/259"}],"wp:attachment":[{"href":"https:\/\/dev.ouvreboite.fr\/lam\/wp-json\/wp\/v2\/media?parent=177"}],"wp:term":[{"taxonomy":"nomequipe","embeddable":true,"href":"https:\/\/dev.ouvreboite.fr\/lam\/wp-json\/wp\/v2\/nomequipe?post=177"}],"curies":[{"name":"wp","href":"https:\/\/api.w.org\/{rel}","templated":true}]}}