{"id":79,"date":"2021-06-24T17:03:56","date_gmt":"2021-06-24T17:03:56","guid":{"rendered":"https:\/\/agency.marsatac-2023.local\/?page_id=79"},"modified":"2021-07-05T14:33:07","modified_gmt":"2021-07-05T14:33:07","slug":"lagence","status":"publish","type":"page","link":"https:\/\/dev.ouvreboite.fr\/agency\/lagence\/","title":{"rendered":"L&#8217;agence"},"content":{"rendered":"<p>Port\u00e9e par l\u2019Association Orane qui produit le Festival Marsatac, Marsatac Agency voit le jour en 2021. C\u2019est le d\u00e9sir et la passion de toute une \u00e9quipe r\u00e9unie autour d\u2019un projet ambitieux et f\u00e9d\u00e9rateur au service de territoires artistiques novateurs. R\u00e9solument tourn\u00e9e vers les artistes et musiciens du territoire, l\u2019agence s\u2019investit quotidiennement pour leur d\u00e9veloppement\u00a0 et met au profit de leur carri\u00e8re toute l\u2019exp\u00e9rience, la notori\u00e9t\u00e9 et la force de frappe de Marsatac. Sa\u00a0 philosophie : un engagement fort pour la libert\u00e9 de cr\u00e9er, pour faire briller les talents de Marseille et le Sud.<\/p>\n<p>L\u2019association s\u2019ouvre \u00e0 des talents locaux et r\u00e9gionaux en pla\u00e7ant la cr\u00e9ation au c\u0153ur de ses pr\u00e9occupations et en affirmant une r\u00e9elle volont\u00e9 \u00e0 long-terme de devenir le sol sur lequel germent et poussent de nouveaux projets artistiques. En clair, une agence artistique qui donne la priorit\u00e9 aux talents de demain. Avec plus d\u2019une vingtaine d&#8217;ann\u00e9es d\u2019exp\u00e9rience dans la production de festival, Marsatac Agency s\u2019engage \u00e0 faire rayonner les artistes de demain au travers de sa nouvelle activit\u00e9.<\/p>\n","protected":false},"excerpt":{"rendered":"<p>Port\u00e9e par l\u2019Association Orane qui produit le Festival Marsatac, Marsatac Agency voit le jour en 2021. C\u2019est le d\u00e9sir et la passion de toute une \u00e9quipe r\u00e9unie autour d\u2019un projet ambitieux et f\u00e9d\u00e9rateur au service de territoires artistiques novateurs. R\u00e9solument tourn\u00e9e vers les artistes et musiciens du territoire, l\u2019agence s\u2019investit quotidiennement pour leur d\u00e9veloppement\u00a0 et [&hellip;]<\/p>\n","protected":false},"author":9,"featured_media":0,"parent":0,"menu_order":2,"comment_status":"closed","ping_status":"closed","template":"page-templates\/agence.php","meta":{"inline_featured_image":false,"_genesis_hide_title":false,"_genesis_hide_breadcrumbs":false,"_genesis_hide_singular_image":false,"_genesis_hide_footer_widgets":false,"_genesis_custom_body_class":"","_genesis_custom_post_class":"","_genesis_layout":""},"acf":[],"_links":{"self":[{"href":"https:\/\/dev.ouvreboite.fr\/agency\/wp-json\/wp\/v2\/pages\/79"}],"collection":[{"href":"https:\/\/dev.ouvreboite.fr\/agency\/wp-json\/wp\/v2\/pages"}],"about":[{"href":"https:\/\/dev.ouvreboite.fr\/agency\/wp-json\/wp\/v2\/types\/page"}],"author":[{"embeddable":true,"href":"https:\/\/dev.ouvreboite.fr\/agency\/wp-json\/wp\/v2\/users\/9"}],"replies":[{"embeddable":true,"href":"https:\/\/dev.ouvreboite.fr\/agency\/wp-json\/wp\/v2\/comments?post=79"}],"version-history":[{"count":5,"href":"https:\/\/dev.ouvreboite.fr\/agency\/wp-json\/wp\/v2\/pages\/79\/revisions"}],"predecessor-version":[{"id":236,"href":"https:\/\/dev.ouvreboite.fr\/agency\/wp-json\/wp\/v2\/pages\/79\/revisions\/236"}],"wp:attachment":[{"href":"https:\/\/dev.ouvreboite.fr\/agency\/wp-json\/wp\/v2\/media?parent=79"}],"curies":[{"name":"wp","href":"https:\/\/api.w.org\/{rel}","templated":true}]}}