{"id":239,"date":"2021-07-06T12:15:37","date_gmt":"2021-07-06T12:15:37","guid":{"rendered":"https:\/\/marsatac.agency\/?page_id=239"},"modified":"2021-07-06T12:26:59","modified_gmt":"2021-07-06T12:26:59","slug":"politique-de-confidentialite","status":"publish","type":"page","link":"https:\/\/dev.ouvreboite.fr\/agency\/politique-de-confidentialite\/","title":{"rendered":"Politique de confidentialit\u00e9"},"content":{"rendered":"<p><strong>COOKIES<\/strong><br \/>\nSi vous vous rendez sur la page de connexion, un cookie temporaire sera cr\u00e9\u00e9 afin de d\u00e9terminer si votre navigateur accepte les cookies. Il ne contient pas de donn\u00e9es personnelles et sera supprim\u00e9 automatiquement \u00e0 la fermeture de votre navigateur.<\/p>\n<p>Lorsque vous vous connecterez, nous mettrons en place un certain nombre de cookies pour enregistrer vos informations de connexion et vos pr\u00e9f\u00e9rences d\u2019\u00e9cran. La dur\u00e9e de vie d\u2019un cookie de connexion est de deux jours, celle d\u2019un cookie d\u2019option d\u2019\u00e9cran est d\u2019un an. Si vous cochez \u00ab\u00a0Se souvenir de moi\u00a0\u00bb, votre cookie de connexion sera conserv\u00e9 pendant deux semaines. Si vous vous d\u00e9connectez de votre compte, le cookie de connexion sera effac\u00e9.<\/p>\n<p><strong>CONTENU EMBARQU\u00c9 DEPUIS D\u2019AUTRES SITES<\/strong><br \/>\nLes articles de ce site peuvent inclure des contenus int\u00e9gr\u00e9s (par exemple des vid\u00e9os, images, articles\u2026). Le contenu int\u00e9gr\u00e9 depuis d\u2019autres sites se comporte de la m\u00eame mani\u00e8re que si le visiteur se rendait sur cet autre site.<\/p>\n<p>Ces sites web pourraient collecter des donn\u00e9es sur vous, utiliser des cookies, embarquer des outils de suivis tiers, suivre vos interactions avec ces contenus embarqu\u00e9s si vous disposez d\u2019un compte connect\u00e9 sur leur site web.<\/p>\n<p><strong>FORMULAIRE<\/strong><br \/>\nLes informations recueillies sur le formulaire sont enregistr\u00e9es dans un fichier informatis\u00e9 par\u00a0<strong>l\u2019Association Orane\u00a0<\/strong>afin de\u00a0<strong>vous r\u00e9pondre dans le meilleure d\u00e9lais<\/strong>.<br \/>\nLes donn\u00e9es collect\u00e9es seront communiqu\u00e9es aux seuls destinataires suivants :\u00a0<strong>l\u2019Association Orane.<\/strong> Les donn\u00e9es sont conserv\u00e9es pendant\u00a0<strong>1an<\/strong>.<\/p>\n<p>Vous pouvez acc\u00e9der aux donn\u00e9es vous concernant, les rectifier, demander leur effacement ou exercer votre droit \u00e0 la limitation du traitement de vos donn\u00e9es.\u00a0<strong>Vous pouvez retirer \u00e0 tout moment votre consentement au traitement de vos donn\u00e9es ; Vous pouvez \u00e9galement vous opposer au traitement de vos donn\u00e9es ; Vous pouvez \u00e9galement exercer votre droit \u00e0 la portabilit\u00e9 de vos donn\u00e9es.<\/strong><\/p>\n<p>Consultez le site\u00a0cnil.fr pour plus d\u2019informations sur vos droits.<\/p>\n<p>Pour exercer ces droits ou pour toute question sur le traitement de vos donn\u00e9es dans ce dispositif, vous pouvez contacter\u00a0<strong>l\u2019Association Orane : 70 rue Consolat 13001 MARSEILLE \u2013 www.marsatac.agency<\/strong><\/p>\n","protected":false},"excerpt":{"rendered":"<p>COOKIES Si vous vous rendez sur la page de connexion, un cookie temporaire sera cr\u00e9\u00e9 afin de d\u00e9terminer si votre navigateur accepte les cookies. Il ne contient pas de donn\u00e9es personnelles et sera supprim\u00e9 automatiquement \u00e0 la fermeture de votre navigateur. Lorsque vous vous connecterez, nous mettrons en place un certain nombre de cookies pour [&hellip;]<\/p>\n","protected":false},"author":6,"featured_media":0,"parent":0,"menu_order":10,"comment_status":"closed","ping_status":"closed","template":"","meta":{"inline_featured_image":false,"_genesis_hide_title":false,"_genesis_hide_breadcrumbs":false,"_genesis_hide_singular_image":false,"_genesis_hide_footer_widgets":false,"_genesis_custom_body_class":"","_genesis_custom_post_class":"","_genesis_layout":""},"acf":[],"_links":{"self":[{"href":"https:\/\/dev.ouvreboite.fr\/agency\/wp-json\/wp\/v2\/pages\/239"}],"collection":[{"href":"https:\/\/dev.ouvreboite.fr\/agency\/wp-json\/wp\/v2\/pages"}],"about":[{"href":"https:\/\/dev.ouvreboite.fr\/agency\/wp-json\/wp\/v2\/types\/page"}],"author":[{"embeddable":true,"href":"https:\/\/dev.ouvreboite.fr\/agency\/wp-json\/wp\/v2\/users\/6"}],"replies":[{"embeddable":true,"href":"https:\/\/dev.ouvreboite.fr\/agency\/wp-json\/wp\/v2\/comments?post=239"}],"version-history":[{"count":4,"href":"https:\/\/dev.ouvreboite.fr\/agency\/wp-json\/wp\/v2\/pages\/239\/revisions"}],"predecessor-version":[{"id":251,"href":"https:\/\/dev.ouvreboite.fr\/agency\/wp-json\/wp\/v2\/pages\/239\/revisions\/251"}],"wp:attachment":[{"href":"https:\/\/dev.ouvreboite.fr\/agency\/wp-json\/wp\/v2\/media?parent=239"}],"curies":[{"name":"wp","href":"https:\/\/api.w.org\/{rel}","templated":true}]}}